{"id":19701,"date":"2023-12-13T09:31:58","date_gmt":"2023-12-13T09:31:58","guid":{"rendered":"https:\/\/lpacarnaval.com\/history\/"},"modified":"2024-04-23T08:59:20","modified_gmt":"2024-04-23T08:59:20","slug":"history","status":"publish","type":"page","link":"https:\/\/lpacarnaval.com\/en\/history\/","title":{"rendered":"History"},"content":{"rendered":"<div class=\"wpb-content-wrapper\"><p>[vc_row row_height_percent=&#8221;0&#8243; back_color=&#8221;color-gyho&#8221; back_image=&#8221;263&#8243; back_image_auto=&#8221;yes&#8221; overlay_alpha=&#8221;50&#8243; gutter_size=&#8221;3&#8243; column_width_percent=&#8221;100&#8243; shift_y=&#8221;0&#8243; z_index=&#8221;0&#8243; uncode_shortcode_id=&#8221;809179&#8243; css=&#8221;.vc_custom_1702468100120{padding-top: 70px !important;padding-bottom: 100px !important;}&#8221; back_color_type=&#8221;uncode-palette&#8221;][vc_column column_width_percent=&#8221;100&#8243; position_vertical=&#8221;middle&#8221; align_horizontal=&#8221;align_center&#8221; gutter_size=&#8221;3&#8243; override_padding=&#8221;yes&#8221; column_padding=&#8221;5&#8243; overlay_alpha=&#8221;50&#8243; shift_x=&#8221;0&#8243; shift_y=&#8221;0&#8243; shift_y_down=&#8221;0&#8243; z_index=&#8221;0&#8243; medium_width=&#8221;0&#8243; mobile_width=&#8221;0&#8243; width=&#8221;1\/1&#8243; uncode_shortcode_id=&#8221;204454&#8243;][vc_custom_heading auto_text=&#8221;yes&#8221; text_color=&#8221;color-xsdn&#8221; heading_semantic=&#8221;h1&#8243; text_size=&#8221;h1&#8243; text_weight=&#8221;800&#8243; uncode_shortcode_id=&#8221;178056&#8243; text_color_type=&#8221;uncode-palette&#8221;]This is a custom heading element.[\/vc_custom_heading][\/vc_column][\/vc_row][vc_row row_height_percent=&#8221;0&#8243; back_color=&#8221;color-xsdn&#8221; overlay_alpha=&#8221;50&#8243; gutter_size=&#8221;3&#8243; column_width_percent=&#8221;100&#8243; shift_y=&#8221;-5&#8243; z_index=&#8221;0&#8243; uncode_shortcode_id=&#8221;667739&#8243; back_color_type=&#8221;uncode-palette&#8221;][vc_column column_width_percent=&#8221;100&#8243; position_vertical=&#8221;middle&#8221; align_horizontal=&#8221;align_center&#8221; gutter_size=&#8221;3&#8243; back_color=&#8221;color-xsdn&#8221; overlay_alpha=&#8221;50&#8243; shift_x=&#8221;0&#8243; shift_y=&#8221;0&#8243; shift_y_down=&#8221;0&#8243; z_index=&#8221;0&#8243; medium_width=&#8221;0&#8243; mobile_width=&#8221;0&#8243; width=&#8221;1\/1&#8243; uncode_shortcode_id=&#8221;101359&#8243; back_color_type=&#8221;uncode-palette&#8221;][vc_custom_heading text_color=&#8221;color-jevc&#8221; text_weight=&#8221;800&#8243; uncode_shortcode_id=&#8221;974284&#8243; text_color_type=&#8221;uncode-palette&#8221;]The Carnival of Las Palmas[\/vc_custom_heading][uncode_share layout=&#8221;multiple&#8221; bigger=&#8221;yes&#8221; no_back=&#8221;yes&#8221; el_class=&#8221;line-divider&#8221;][vc_row_inner row_inner_height_percent=&#8221;0&#8243; overlay_alpha=&#8221;50&#8243; gutter_size=&#8221;3&#8243; shift_y=&#8221;0&#8243; z_index=&#8221;0&#8243; uncode_shortcode_id=&#8221;728729&#8243; css=&#8221;.vc_custom_1702457149242{margin-top: 0px !important;}&#8221; limit_content=&#8221;&#8221;][vc_column_inner column_width_percent=&#8221;100&#8243; gutter_size=&#8221;3&#8243; overlay_alpha=&#8221;50&#8243; shift_x=&#8221;0&#8243; shift_y=&#8221;0&#8243; shift_y_down=&#8221;0&#8243; z_index=&#8221;0&#8243; medium_width=&#8221;0&#8243; mobile_width=&#8221;0&#8243; width=&#8221;1\/1&#8243; uncode_shortcode_id=&#8221;158895&#8243; css=&#8221;.vc_custom_1702457127144{padding-top: 0px !important;}&#8221;][vc_column_text text_color=&#8221;color-jevc&#8221; uncode_shortcode_id=&#8221;196331&#8243; text_color_type=&#8221;uncode-palette&#8221;]15th to 18th Centuries<\/p>\n<p>Las Palmas de Gran Canaria Carnival is one of the oldest, most deeply rooted and unique festivals of the Canary Islands capital. For over five centuries the city has celebrated with masquerading, tomfoolery&#8230; and flesh. Its origins go back practically to the dawn of the city&#8217;s history. The Gran Canaria capital, founded on June 24, 1478, soon became well known for its ability to bring together cultures, with the presence of settlers of various origins. In his Historia de Canarias (the &#8216;History of the Canary Islands&#8217;), Jos\u00e9 de Viera y Clavijo, recounting the arrival of Field Marshal \u00cd\u00f1igo de Brizuela in the islands in February 1635, reveals: \u201ca great dinner was served that night, and three banquets on the days of Shrovetide&#8230;\u201d In addition, by the 16th century, various documents of the time allude to the presence of Italians in the city and their fondness for masked balls.     <\/p>\n<p>&nbsp;<\/p>\n<p>19th Century<\/p>\n<p>Carnival celebrations made their first significant leap forward in the mid 19th century, with the emergence of sociocultural institutions with the faculty to organise festivities for various occasions, complemented by the first parades of allegorical floats and carriages accompanied by masqueraders. This is the time of the C\u00edrculo Mercantil (the &#8216;Merchants Circle&#8217;), the Gabinete Literario (the &#8216;Literary Forum&#8217;) and Club Las Palmas, all based in and around the city&#8217;s historic centre, where the P\u00e9rez Gald\u00f3s Theatre witnessed numerous scenes of dancing and carnival entertainment. <\/p>\n<p>&nbsp;<\/p>\n<p>20th Century &#8211; The Winter Fiestas<\/p>\n<p>And in the 20th century, the emergence of institutions like the Club N\u00e1utico (the &#8216;Sailing Club&#8217;) and Club Victoria added the city&#8217;s docks and the La Isleta quarter to the carnival map. State repression prevented the development of an event that was disguised under the name Fiestas de Invierno, or &#8216;Winter Fiestas&#8217;, which locals kept alive in secrecy, at events almost always hosted by the most notable social and sports clubs. They organised dances and parties attended by local residents, who hid their costumes under sheets until they reached the venue.  <\/p>\n<p>&nbsp;<\/p>\n<p>20th Century- 1976: The revival of the street carnival<\/p>\n<p>The modern carnival started taking on its current format from 1976 onwards. This was when parties on the street were revived. A few months after the death of Franco, an Isleta resident, Manolo Garc\u00eda, called the civil governor of the province and obtained authorisation to bring the carnival back onto the city&#8217;s streets, and a costume parade was held after 40 years of prohibition. La Isleta residents set up the first Patronato del Carnaval, or Carnival Trust, and took charge of organising the event in these early years.   <\/p>\n<p>&nbsp;<\/p>\n<p>The 1980s<\/p>\n<p>In the 1980s, the carnival organisers had to become more professional and specialised. The Carnival was taking over the entire city and called for a bigger budget, more activities and municipal planning. This sowed the seeds for the agreement that was reached between the Carnival Trust and the Municipal Council. The mayor Juan Rodr\u00edguez Doreste, a true carnival-lover, played a pivotal role in this process, backing the creation of a Mixed Commission that would organise the events.   <\/p>\n<p>In 1986 another step was taken in the organisation of the Carnival with the creation of the Las Palmas Carnival Foundation, which included representatives from the city council, the political parties, the residents&#8217; associations, carnival groups and other social groups. Those were the years when a Venetian party used to be organised in Vegueta, which is still remembered today. <\/p>\n<p>&nbsp;<\/p>\n<p>The 1990s<\/p>\n<p>The 1990s started with some changes to the structure of the festival, and a limited company called Fiestas del Carnaval de Las Palmas was created. In 1995 the main events returned to Santa Catalina Park, establishing the park as the focal point of the carnival.  1998 marked a turning point in the recent history of the Las Palmas de Gran Canaria Carnival, as the year of the first Drag Queen Gala; the Gala surpassed all expectations and has since established itself as a flagship event and the calling card for these fiestas abroad.<\/p>\n<p>&nbsp;<\/p>\n<p>The 21st Century &#8211; The outward expansion of the carnival<\/p>\n<p>Over the last thirty years, the carnival has gone on to become the fiesta of greatest social and economic importance on the island of Gran Canaria, and one of its main tourist attractions. It is a celebration that has known how to adapt to the new demands for leisure and entertainment from a media-dominated society, while preserving all its traditional flavour.  In 2001 the company called Promoci\u00f3n de la Ciudad de Las Palmas de Gran Canaria, S.A. was set up to manage and organise the carnival celebrations. Today, the carnival of the Gran Canaria capital has racked up a history peppered with worthy contributions from many well-loved popular celebrities like Juanito El Pionero or the unforgettable Charlot (a perennial masquerader dressed as the brilliant Charlie Chaplin). At the same time it has become a festival with the capacity to keep up with the times by incorporating new acts and events. So, to the tune of the anthem Invitaci\u00f3n al Carnaval (&#8216;Invitation to the Carnival&#8217;), by Sindo Saavedra, the carnival celebrations are a true popular phenomenon, with the only goal being revelry in a carnival city.  [\/vc_column_text][\/vc_column_inner][\/vc_row_inner][\/vc_column][\/vc_row][vc_row][vc_column width=&#8221;1\/1&#8243;][vc_raw_html]W3Nob3dfcGVyc29uYWplc10=[\/vc_raw_html][\/vc_column][\/vc_row]<\/p>\n<\/div>","protected":false},"excerpt":{"rendered":"<p>[vc_row row_height_percent=&#8221;0&#8243; back_color=&#8221;color-gyho&#8221; back_image=&#8221;263&#8243; back_image_auto=&#8221;yes&#8221; overlay_alpha=&#8221;50&#8243; gutter_size=&#8221;3&#8243; column_width_percent=&#8221;100&#8243; shift_y=&#8221;0&#8243; z_index=&#8221;0&#8243; uncode_shortcode_id=&#8221;809179&#8243; css=&#8221;.vc_custom_1702468100120{padding-top: 70px !important;padding-bottom: 100px !important;}&#8221; back_color_type=&#8221;uncode-palette&#8221;][vc_column column_width_percent=&#8221;100&#8243; position_vertical=&#8221;middle&#8221; align_horizontal=&#8221;align_center&#8221; [&hellip;]<\/p>\n","protected":false},"author":1,"featured_media":0,"parent":0,"menu_order":0,"comment_status":"closed","ping_status":"closed","template":"","meta":{"_acf_changed":false,"footnotes":""},"class_list":["post-19701","page","type-page","status-publish","hentry"],"acf":[],"_links":{"self":[{"href":"https:\/\/lpacarnaval.com\/en\/wp-json\/wp\/v2\/pages\/19701","targetHints":{"allow":["GET"]}}],"collection":[{"href":"https:\/\/lpacarnaval.com\/en\/wp-json\/wp\/v2\/pages"}],"about":[{"href":"https:\/\/lpacarnaval.com\/en\/wp-json\/wp\/v2\/types\/page"}],"author":[{"embeddable":true,"href":"https:\/\/lpacarnaval.com\/en\/wp-json\/wp\/v2\/users\/1"}],"replies":[{"embeddable":true,"href":"https:\/\/lpacarnaval.com\/en\/wp-json\/wp\/v2\/comments?post=19701"}],"version-history":[{"count":3,"href":"https:\/\/lpacarnaval.com\/en\/wp-json\/wp\/v2\/pages\/19701\/revisions"}],"predecessor-version":[{"id":19705,"href":"https:\/\/lpacarnaval.com\/en\/wp-json\/wp\/v2\/pages\/19701\/revisions\/19705"}],"wp:attachment":[{"href":"https:\/\/lpacarnaval.com\/en\/wp-json\/wp\/v2\/media?parent=19701"}],"curies":[{"name":"wp","href":"https:\/\/api.w.org\/{rel}","templated":true}]}}