{"id":19682,"date":"2024-01-15T12:13:32","date_gmt":"2024-01-15T12:13:32","guid":{"rendered":"https:\/\/lpacarnaval.com\/edition-2020\/"},"modified":"2024-12-17T10:39:29","modified_gmt":"2024-12-17T10:39:29","slug":"edition-2020","status":"publish","type":"page","link":"https:\/\/lpacarnaval.com\/en\/editions\/edition-2020\/","title":{"rendered":"Edition 2020"},"content":{"rendered":"<div class=\"wpb-content-wrapper\"><p>[vc_row row_height_percent=&#8221;0&#8243; back_color=&#8221;color-gyho&#8221; back_image=&#8221;16506&#8243; back_image_auto=&#8221;yes&#8221; overlay_color=&#8221;color-jevc&#8221; overlay_alpha=&#8221;45&#8243; gutter_size=&#8221;3&#8243; column_width_percent=&#8221;100&#8243; shift_y=&#8221;0&#8243; z_index=&#8221;0&#8243; uncode_shortcode_id=&#8221;474268&#8243; css=&#8221;.vc_custom_1705320889369{padding-top: 150px !important;padding-bottom: 50px !important;}&#8221; back_color_type=&#8221;uncode-palette&#8221; overlay_color_type=&#8221;uncode-palette&#8221;][vc_column column_width_percent=&#8221;100&#8243; position_vertical=&#8221;middle&#8221; align_horizontal=&#8221;align_center&#8221; gutter_size=&#8221;3&#8243; override_padding=&#8221;yes&#8221; column_padding=&#8221;5&#8243; style=&#8221;dark&#8221; overlay_alpha=&#8221;50&#8243; shift_x=&#8221;0&#8243; shift_y=&#8221;0&#8243; shift_y_down=&#8221;0&#8243; z_index=&#8221;0&#8243; medium_width=&#8221;0&#8243; mobile_width=&#8221;0&#8243; width=&#8221;1\/1&#8243; uncode_shortcode_id=&#8221;958025&#8243;][vc_custom_heading heading_semantic=&#8221;h1&#8243; text_size=&#8221;h1&#8243; text_weight=&#8221;700&#8243; uncode_shortcode_id=&#8221;646259&#8243;]Edition 2020[\/vc_custom_heading][\/vc_column][\/vc_row][vc_row row_height_percent=&#8221;0&#8243; back_color=&#8221;color-xsdn&#8221; overlay_alpha=&#8221;50&#8243; gutter_size=&#8221;3&#8243; column_width_percent=&#8221;100&#8243; shift_y=&#8221;-5&#8243; z_index=&#8221;0&#8243; uncode_shortcode_id=&#8221;667739&#8243; back_color_type=&#8221;uncode-palette&#8221;][vc_column column_width_percent=&#8221;100&#8243; position_vertical=&#8221;middle&#8221; align_horizontal=&#8221;align_center&#8221; gutter_size=&#8221;3&#8243; back_color=&#8221;color-xsdn&#8221; overlay_alpha=&#8221;50&#8243; shift_x=&#8221;0&#8243; shift_y=&#8221;0&#8243; shift_y_down=&#8221;0&#8243; z_index=&#8221;0&#8243; medium_width=&#8221;0&#8243; mobile_width=&#8221;0&#8243; width=&#8221;1\/1&#8243; uncode_shortcode_id=&#8221;101359&#8243; back_color_type=&#8221;uncode-palette&#8221;][vc_custom_heading text_color=&#8221;color-jevc&#8221; heading_semantic=&#8221;h1&#8243; text_size=&#8221;h1&#8243; text_weight=&#8221;800&#8243; uncode_shortcode_id=&#8221;202914&#8243; text_color_type=&#8221;uncode-palette&#8221;]Once upon a time[\/vc_custom_heading][uncode_share layout=&#8221;multiple&#8221; bigger=&#8221;yes&#8221; no_back=&#8221;yes&#8221; el_class=&#8221;line-divider&#8221;][vc_row_inner limit_content=&#8221;&#8221;][vc_column_inner width=&#8221;1\/2&#8243;][vc_single_image media=&#8221;16476&#8243; media_lightbox=&#8221;yes&#8221; media_width_percent=&#8221;100&#8243; uncode_shortcode_id=&#8221;144062&#8243;][\/vc_column_inner][vc_column_inner column_width_percent=&#8221;100&#8243; gutter_size=&#8221;0&#8243; overlay_alpha=&#8221;50&#8243; shift_x=&#8221;0&#8243; shift_y=&#8221;0&#8243; shift_y_down=&#8221;0&#8243; z_index=&#8221;0&#8243; medium_width=&#8221;0&#8243; mobile_width=&#8221;0&#8243; width=&#8221;1\/2&#8243; uncode_shortcode_id=&#8221;196584&#8243;][vc_column_text text_lead=&#8221;yes&#8221; text_color=&#8221;color-jevc&#8221; uncode_shortcode_id=&#8221;198507&#8243; text_color_type=&#8221;uncode-palette&#8221;]POSTER[\/vc_column_text][vc_custom_heading text_weight=&#8221;700&#8243; uncode_shortcode_id=&#8221;115811&#8243;]Hansel Gonz\u00e1lez[\/vc_custom_heading][vc_empty_space empty_h=&#8221;1&#8243;][vc_column_text text_color=&#8221;color-jevc&#8221; uncode_shortcode_id=&#8221;977146&#8243; text_color_type=&#8221;uncode-palette&#8221;]<\/p>\n<div class=\"row ediciones\">\n<div class=\"span6 contenidogeneral\">\n<div class=\"masinfo\">\n<p>The wonderful worlds of Carnival and fairytales come together in the form of multicolour pop-up book on the fiesta\u2019s poster, the work of Venezuelan designer and illustrator, Hansel Gonz\u00e1lez.<\/p><\/div>\n<\/div>\n<\/div>\n<p>[\/vc_column_text][\/vc_column_inner][\/vc_row_inner][vc_row_inner limit_content=&#8221;&#8221;][vc_column_inner width=&#8221;1\/2&#8243;][vc_single_image media=&#8221;16506&#8243; media_lightbox=&#8221;yes&#8221; media_width_percent=&#8221;100&#8243; media_ratio=&#8221;one-one&#8221; uncode_shortcode_id=&#8221;415013&#8243;][\/vc_column_inner][vc_column_inner column_width_percent=&#8221;100&#8243; gutter_size=&#8221;0&#8243; overlay_alpha=&#8221;50&#8243; shift_x=&#8221;0&#8243; shift_y=&#8221;0&#8243; shift_y_down=&#8221;0&#8243; z_index=&#8221;0&#8243; medium_width=&#8221;0&#8243; mobile_width=&#8221;0&#8243; width=&#8221;1\/2&#8243; uncode_shortcode_id=&#8221;196584&#8243;][vc_column_text text_lead=&#8221;yes&#8221; text_color=&#8221;color-jevc&#8221; uncode_shortcode_id=&#8221;114551&#8243; text_color_type=&#8221;uncode-palette&#8221;]Stage[\/vc_column_text][vc_custom_heading text_weight=&#8221;700&#8243; uncode_shortcode_id=&#8221;317574&#8243;]Sergio Mac\u00edas[\/vc_custom_heading][vc_empty_space empty_h=&#8221;1&#8243;][vc_column_text text_color=&#8221;color-jevc&#8221; uncode_shortcode_id=&#8221;119211&#8243; text_color_type=&#8221;uncode-palette&#8221;]Canarian interior designer, Sergio Mac\u00edas, was the mind behind the 2020 Las Palmas de Gran Canaria Carnival\u2019s stage, following the allegory \u201c\u00c9rase una vez&#8230;&#8221; (Once Upon a Time\u2026).<\/p>\n<p>A majestic mirror on Santa Catalina\u2019s stage invites the city to fall under Carnival\u2019s spell and become a part of its tale.<\/p>\n<p>References to traditional stories, famous faces throughout Carnival\u2019s history, and elements such as a forest, castle and cathedral all made an appearance at the fiesta\u2019s epicentre, captivating Carnival\u2019s spectators.[\/vc_column_text][\/vc_column_inner][\/vc_row_inner][vc_row_inner limit_content=&#8221;&#8221;][vc_column_inner width=&#8221;1\/2&#8243;][vc_single_image media=&#8221;16521&#8243; media_lightbox=&#8221;yes&#8221; media_width_percent=&#8221;100&#8243; uncode_shortcode_id=&#8221;477664&#8243;][\/vc_column_inner][vc_column_inner column_width_percent=&#8221;100&#8243; gutter_size=&#8221;0&#8243; overlay_alpha=&#8221;50&#8243; shift_x=&#8221;0&#8243; shift_y=&#8221;0&#8243; shift_y_down=&#8221;0&#8243; z_index=&#8221;0&#8243; medium_width=&#8221;0&#8243; mobile_width=&#8221;0&#8243; width=&#8221;1\/2&#8243; uncode_shortcode_id=&#8221;196584&#8243;][vc_column_text text_lead=&#8221;yes&#8221; text_color=&#8221;color-jevc&#8221; uncode_shortcode_id=&#8221;156355&#8243; text_color_type=&#8221;uncode-palette&#8221;]Proclaimer[\/vc_column_text][vc_custom_heading text_weight=&#8221;700&#8243; uncode_shortcode_id=&#8221;599320&#8243;]Roberto Herrera[\/vc_custom_heading][vc_empty_space empty_h=&#8221;1&#8243;][vc_column_text text_color=&#8221;color-jevc&#8221; uncode_shortcode_id=&#8221;187184&#8243; text_color_type=&#8221;uncode-palette&#8221;]Well-known Canarian television host, Roberto Herrera, heralded the 2020 Las Palmas de Gran Canaria Carnival.<\/p>\n<p>His bond with Carnival in general and Las Palmas de Gran Canaria in particular make him the perfect candidate to inaugurate the fiesta. Over the years, Roberto Herrera has been closely linked to Carnival, being the first host ever of the Drag Queen Gala back in 1998, and continues to add experience to his track record of hosting this international event on twelve different occasions, including the 2020 Gala with co-hosts Santi Mill\u00e1n and Pilar Rumeu. On top of this, he\u2019s hosted a Queen Gala and thirteen Drag Queen Gala preselections.[\/vc_column_text][\/vc_column_inner][\/vc_row_inner][vc_row_inner limit_content=&#8221;&#8221;][vc_column_inner width=&#8221;1\/2&#8243;][vc_single_image media=&#8221;16526&#8243; media_lightbox=&#8221;yes&#8221; media_width_percent=&#8221;100&#8243; media_ratio=&#8221;one-one&#8221; uncode_shortcode_id=&#8221;123708&#8243;][\/vc_column_inner][vc_column_inner column_width_percent=&#8221;100&#8243; gutter_size=&#8221;0&#8243; overlay_alpha=&#8221;50&#8243; shift_x=&#8221;0&#8243; shift_y=&#8221;0&#8243; shift_y_down=&#8221;0&#8243; z_index=&#8221;0&#8243; medium_width=&#8221;0&#8243; mobile_width=&#8221;0&#8243; width=&#8221;1\/2&#8243; uncode_shortcode_id=&#8221;196584&#8243;][vc_column_text text_lead=&#8221;yes&#8221; text_color=&#8221;color-jevc&#8221; uncode_shortcode_id=&#8221;901561&#8243; text_color_type=&#8221;uncode-palette&#8221;]Carnival Queen[\/vc_column_text][vc_custom_heading text_weight=&#8221;700&#8243; uncode_shortcode_id=&#8221;171979&#8243;]Minerva Hern\u00e1ndez[\/vc_custom_heading][vc_empty_space empty_h=&#8221;1&#8243;][vc_column_text text_color=&#8221;color-jevc&#8221; uncode_shortcode_id=&#8221;136320&#8243; text_color_type=&#8221;uncode-palette&#8221;]Minerva Hern\u00e1ndez was crowned as the 2020 Las Palmas de Gran Canaria Queen of the Carnival. A fairytale regent who paraded with the fantasy &#8220;Vida&#8221; (Life) designed by Joshua Quevedo Reyes, sponsored by Multi\u00f3pticas.<\/p>\n<p>Minerva is a 26-year-old from Fuerteventura, where she lived her entire life until moving to the capital of Gran Canaria to study law, at the University of Las Palmas de Gran Canaria. She is currently studying a master\u2019s degree and, during the little spare time she has, pursues one of her main passions: carnival.[\/vc_column_text][\/vc_column_inner][\/vc_row_inner][vc_row_inner limit_content=&#8221;&#8221;][vc_column_inner width=&#8221;1\/2&#8243;][vc_single_image media=&#8221;16501&#8243; media_lightbox=&#8221;yes&#8221; media_width_percent=&#8221;100&#8243; media_ratio=&#8221;one-one&#8221; uncode_shortcode_id=&#8221;522029&#8243;][\/vc_column_inner][vc_column_inner column_width_percent=&#8221;100&#8243; gutter_size=&#8221;0&#8243; overlay_alpha=&#8221;50&#8243; shift_x=&#8221;0&#8243; shift_y=&#8221;0&#8243; shift_y_down=&#8221;0&#8243; z_index=&#8221;0&#8243; medium_width=&#8221;0&#8243; mobile_width=&#8221;0&#8243; width=&#8221;1\/2&#8243; uncode_shortcode_id=&#8221;196584&#8243;][vc_column_text text_lead=&#8221;yes&#8221; text_color=&#8221;color-jevc&#8221; uncode_shortcode_id=&#8221;212142&#8243; text_color_type=&#8221;uncode-palette&#8221;]Drag Queen[\/vc_column_text][vc_custom_heading text_weight=&#8221;700&#8243; uncode_shortcode_id=&#8221;101094&#8243;]DRAG SETHLAS, Borja Casillas[\/vc_custom_heading][vc_empty_space empty_h=&#8221;1&#8243;][vc_column_text text_color=&#8221;color-jevc&#8221; uncode_shortcode_id=&#8221;134666&#8243; text_color_type=&#8221;uncode-palette&#8221;]Borja Casillas really entered into the role that has made him famous: as Sethlas, he put on a spectacular show, which drew several rounds of applause from the audience.<\/p>\n<p>As well as his staging, dancing and impressive costume, he performed several pirouettes, surprisingly demanding for a drag artist in his high platform soles. But he pulled it off to perfection, with his fantasy \u201cSi la tentaci\u00f3n es hermosa imag\u00ednate el pecado\u201d (If The Temptation is Beautiful, just Imagine The Sin), a performance sponsored by Escuela de Hosteler\u00eda Europea.[\/vc_column_text][\/vc_column_inner][\/vc_row_inner][vc_row_inner limit_content=&#8221;&#8221;][vc_column_inner width=&#8221;1\/2&#8243;][vc_single_image media=&#8221;16532&#8243; media_lightbox=&#8221;yes&#8221; media_width_percent=&#8221;100&#8243; media_ratio=&#8221;one-one&#8221; uncode_shortcode_id=&#8221;161161&#8243;][\/vc_column_inner][vc_column_inner column_width_percent=&#8221;100&#8243; gutter_size=&#8221;0&#8243; overlay_alpha=&#8221;50&#8243; shift_x=&#8221;0&#8243; shift_y=&#8221;0&#8243; shift_y_down=&#8221;0&#8243; z_index=&#8221;0&#8243; medium_width=&#8221;0&#8243; mobile_width=&#8221;0&#8243; width=&#8221;1\/2&#8243; uncode_shortcode_id=&#8221;196584&#8243;][vc_column_text text_lead=&#8221;yes&#8221; text_color=&#8221;color-jevc&#8221; uncode_shortcode_id=&#8221;128099&#8243; text_color_type=&#8221;uncode-palette&#8221;]Grand Dame[\/vc_column_text][vc_custom_heading text_weight=&#8221;700&#8243; uncode_shortcode_id=&#8221;180186&#8243;]Chari Alvarado[\/vc_custom_heading][vc_empty_space empty_h=&#8221;1&#8243;][vc_column_text text_color=&#8221;color-jevc&#8221; uncode_shortcode_id=&#8221;724335&#8243; text_color_type=&#8221;uncode-palette&#8221;]&#8221;Once upon a time, there was a woman who managed to be chosen Grand Dame of the most popular and craziest festival in Las Palmas de Gran Canaria. His name, Chari Alvarado&#8221;.<\/p>\n<p>The representative of Restaurante Hermanos Garc\u00eda II and Ferreter\u00eda Jos\u00e9 Jim\u00e9nez Ventura was the first to occupy a place on the throne of the Royal Carnival Court. Her fantasy, \u201cSi puedes so\u00f1arlo, puedes vivirlo\u201d (If You can Dream It, You can Live It), was designed by Kevin Rodr\u00edguez and Enrique Gonz\u00e1lez, and along with her &#8220;royal&#8221; appointment, the Grand Dame received an award given by Hebe, Centro de Envejecimiento Activo, a 500-euro check for care treatments.[\/vc_column_text][\/vc_column_inner][\/vc_row_inner][vc_row_inner limit_content=&#8221;&#8221;][vc_column_inner width=&#8221;1\/2&#8243;][vc_single_image media=&#8221;16511&#8243; media_lightbox=&#8221;yes&#8221; media_width_percent=&#8221;100&#8243; media_ratio=&#8221;one-one&#8221; uncode_shortcode_id=&#8221;189233&#8243;][\/vc_column_inner][vc_column_inner column_width_percent=&#8221;100&#8243; gutter_size=&#8221;0&#8243; overlay_alpha=&#8221;50&#8243; shift_x=&#8221;0&#8243; shift_y=&#8221;0&#8243; shift_y_down=&#8221;0&#8243; z_index=&#8221;0&#8243; medium_width=&#8221;0&#8243; mobile_width=&#8221;0&#8243; width=&#8221;1\/2&#8243; uncode_shortcode_id=&#8221;196584&#8243;][vc_column_text text_lead=&#8221;yes&#8221; text_color=&#8221;color-jevc&#8221; uncode_shortcode_id=&#8221;162432&#8243; text_color_type=&#8221;uncode-palette&#8221;]Junior Carnival Queen[\/vc_column_text][vc_custom_heading text_weight=&#8221;700&#8243; uncode_shortcode_id=&#8221;166050&#8243;]Jennifer de Filippis[\/vc_custom_heading][vc_empty_space empty_h=&#8221;1&#8243;][vc_column_text text_color=&#8221;color-jevc&#8221; uncode_shortcode_id=&#8221;135421&#8243; text_color_type=&#8221;uncode-palette&#8221;]<\/p>\n<div class=\"row ediciones\">\n<div class=\"contenidogeneral span6\">\n<div class=\"masinfo\">\n<p>A sweet, friendly and unruly Snow White took her place on the throne of the 2021 Las Palmas de Gran Canaria Carnival. The Junior Queen wore the fantasy &#8220;Del libro de los cuentos quiero salir y este reino carnavalero descubrir\u201d (I Want to Escape from This Story Book and Discover the Carnival Kingdom), designed by Rafael D\u00e9niz and Rosa Montesdeoca on behalf of Centro de Ocio Infantil Diver Play, Ballet Silvia Barrera and Soy Model Management.<\/p>\n<\/div>\n<\/div>\n<\/div>\n<p>[\/vc_column_text][\/vc_column_inner][\/vc_row_inner][vc_row_inner limit_content=&#8221;&#8221;][vc_column_inner width=&#8221;1\/2&#8243;][vc_single_image media=&#8221;16516&#8243; media_lightbox=&#8221;yes&#8221; media_width_percent=&#8221;100&#8243; media_ratio=&#8221;one-one&#8221; uncode_shortcode_id=&#8221;535584&#8243;][\/vc_column_inner][vc_column_inner column_width_percent=&#8221;100&#8243; gutter_size=&#8221;0&#8243; overlay_alpha=&#8221;50&#8243; shift_x=&#8221;0&#8243; shift_y=&#8221;0&#8243; shift_y_down=&#8221;0&#8243; z_index=&#8221;0&#8243; medium_width=&#8221;0&#8243; mobile_width=&#8221;0&#8243; width=&#8221;1\/2&#8243; uncode_shortcode_id=&#8221;196584&#8243;][vc_column_text text_lead=&#8221;yes&#8221; text_color=&#8221;color-jevc&#8221; uncode_shortcode_id=&#8221;179138&#8243; text_color_type=&#8221;uncode-palette&#8221;]Murga[\/vc_column_text][vc_custom_heading text_weight=&#8221;700&#8243; uncode_shortcode_id=&#8221;658863&#8243;]Los Nietos de SaryM\u00e1nchez[\/vc_custom_heading][vc_empty_space empty_h=&#8221;1&#8243;][vc_column_text text_color=&#8221;color-jevc&#8221; uncode_shortcode_id=&#8221;179665&#8243; text_color_type=&#8221;uncode-palette&#8221;]Once again, the song contest awards went to Telde, El Carrizal and Ag\u00fcimes, in 2020 in this order. The three usual murgas on the list: Los Nietos de SaryM\u00e1nchez, first prize in the Carnival Murga contest; Los Lega\u00f1osos, second prize and Los Serenquenquenes, third place after having won the award in 2018.<\/p>\n<p>Los Nietos de SaryM\u00e1nchez took the prize home after standing ovations both in the final as well as throughout the contest. The young murga had their debut at the 2013 Carnival, where they managed to make third place. Since then, they have always held a place among the winners of the fiesta until they won first place in 2015 and then again in 2017 in the performance category, a prize they also won in 2020.[\/vc_column_text][\/vc_column_inner][\/vc_row_inner][vc_row_inner limit_content=&#8221;&#8221;][vc_column_inner width=&#8221;1\/2&#8243;][vc_single_image media=&#8221;16481&#8243; media_lightbox=&#8221;yes&#8221; media_width_percent=&#8221;100&#8243; media_ratio=&#8221;one-one&#8221; uncode_shortcode_id=&#8221;506393&#8243;][\/vc_column_inner][vc_column_inner column_width_percent=&#8221;100&#8243; gutter_size=&#8221;0&#8243; overlay_alpha=&#8221;50&#8243; shift_x=&#8221;0&#8243; shift_y=&#8221;0&#8243; shift_y_down=&#8221;0&#8243; z_index=&#8221;0&#8243; medium_width=&#8221;0&#8243; mobile_width=&#8221;0&#8243; width=&#8221;1\/2&#8243; uncode_shortcode_id=&#8221;196584&#8243;][vc_column_text text_lead=&#8221;yes&#8221; text_color=&#8221;color-jevc&#8221; uncode_shortcode_id=&#8221;291560&#8243; text_color_type=&#8221;uncode-palette&#8221;]Comparsa[\/vc_column_text][vc_custom_heading text_weight=&#8221;700&#8243; uncode_shortcode_id=&#8221;178217&#8243;]Kisamba[\/vc_custom_heading][vc_empty_space empty_h=&#8221;1&#8243;][vc_column_text text_color=&#8221;color-jevc&#8221; uncode_shortcode_id=&#8221;552923&#8243; text_color_type=&#8221;uncode-palette&#8221;]<\/p>\n<div class=\"row ediciones\">\n<div class=\"contenidogeneral span6\">\n<div class=\"masinfo\">\n<p>For the fourth year in a row, Kisamba became the invictus dance group. The comparsa from the Arenales district won their fourth consecutive double triumph. A first prize in performance and costume yet again consolidate one of the most sound comparsas of the Las Palmas de Gran Canaria Carnival.<\/p>\n<\/div>\n<\/div>\n<\/div>\n<p>[\/vc_column_text][\/vc_column_inner][\/vc_row_inner][vc_row_inner limit_content=&#8221;&#8221;][vc_column_inner width=&#8221;1\/2&#8243;][vc_single_image media=&#8221;16486&#8243; media_lightbox=&#8221;yes&#8221; media_width_percent=&#8221;100&#8243; media_ratio=&#8221;one-one&#8221; uncode_shortcode_id=&#8221;551358&#8243;][\/vc_column_inner][vc_column_inner column_width_percent=&#8221;100&#8243; gutter_size=&#8221;0&#8243; overlay_alpha=&#8221;50&#8243; shift_x=&#8221;0&#8243; shift_y=&#8221;0&#8243; shift_y_down=&#8221;0&#8243; z_index=&#8221;0&#8243; medium_width=&#8221;0&#8243; mobile_width=&#8221;0&#8243; width=&#8221;1\/2&#8243; uncode_shortcode_id=&#8221;196584&#8243;][vc_column_text text_lead=&#8221;yes&#8221; text_color=&#8221;color-jevc&#8221; uncode_shortcode_id=&#8221;261924&#8243; text_color_type=&#8221;uncode-palette&#8221;]Junior Comparsa[\/vc_column_text][vc_custom_heading text_weight=&#8221;700&#8243; uncode_shortcode_id=&#8221;160445&#8243;]Lianceiros Junior[\/vc_custom_heading][vc_empty_space empty_h=&#8221;1&#8243;][vc_column_text text_color=&#8221;color-jevc&#8221; uncode_shortcode_id=&#8221;115561&#8243; text_color_type=&#8221;uncode-palette&#8221;]<\/p>\n<div class=\"row ediciones\">\n<div class=\"contenidogeneral span6\">\n<div class=\"masinfo\">\n<div class=\"row ediciones\">\n<div class=\"contenidogeneral span6\">\n<div class=\"masinfo\">\n<p>Lianceiros Junior won the performance award and Chiramay, the costume award in the 2020 children&#8217;s comparsa contest.<\/p>\n<p>Lianceiros Junior&#8217;s performance \u201cCon la magia del carnaval despert\u00f3 Notre Dame\u201d (With The Magic of Carnival, Notre Dame Awakened), directed by choreographer Cirenia De Le\u00f3n Rivero, won the jury over, while Daniel Tejero D\u00e9niz&#8217;s costume, titled \u201cEl carnaval vive en m\u00ed\u201d (Carnival Lives in Me) for Chiramay, took home the best junior costume award.<\/p><\/div>\n<\/div>\n<\/div>\n<div class=\"row ediciones\"><\/div>\n<\/div>\n<\/div>\n<\/div>\n<p>[\/vc_column_text][\/vc_column_inner][\/vc_row_inner][vc_row_inner limit_content=&#8221;&#8221;][vc_column_inner width=&#8221;1\/2&#8243;][vc_single_image media=&#8221;16496&#8243; media_lightbox=&#8221;yes&#8221; media_width_percent=&#8221;100&#8243; media_ratio=&#8221;one-one&#8221; uncode_shortcode_id=&#8221;101853&#8243;][\/vc_column_inner][vc_column_inner column_width_percent=&#8221;100&#8243; gutter_size=&#8221;0&#8243; overlay_alpha=&#8221;50&#8243; shift_x=&#8221;0&#8243; shift_y=&#8221;0&#8243; shift_y_down=&#8221;0&#8243; z_index=&#8221;0&#8243; medium_width=&#8221;0&#8243; mobile_width=&#8221;0&#8243; width=&#8221;1\/2&#8243; uncode_shortcode_id=&#8221;196584&#8243;][vc_column_text text_lead=&#8221;yes&#8221; text_color=&#8221;color-jevc&#8221; uncode_shortcode_id=&#8221;166170&#8243; text_color_type=&#8221;uncode-palette&#8221;]Costume Contest[\/vc_column_text][vc_custom_heading text_weight=&#8221;700&#8243; uncode_shortcode_id=&#8221;105358&#8243;]V\u00edctor Troung Ngoc and HipHop by Livich[\/vc_custom_heading][vc_empty_space empty_h=&#8221;1&#8243;][vc_column_text text_color=&#8221;color-jevc&#8221; uncode_shortcode_id=&#8221;813167&#8243; text_color_type=&#8221;uncode-palette&#8221;]Victor Troung Ngoc, with his fantasy \u201cLa bestia y el planeta azul\u201d (The Beast and The Blue Planet), which he himself designed, spread his wings on the stage of Santa Catalina to win the first prize in the adult costume contest in the individual category, while the 14 components of Ukniks de HipHop by Livich, who performed with the fantasy \u201cSi Walt Disney levantara la cabeza\u201d (If Walt Disney were here) won first place in the group category.[\/vc_column_text][\/vc_column_inner][\/vc_row_inner][vc_row_inner limit_content=&#8221;&#8221;][vc_column_inner width=&#8221;1\/2&#8243;][vc_single_image media=&#8221;16471&#8243; media_lightbox=&#8221;yes&#8221; media_width_percent=&#8221;100&#8243; media_ratio=&#8221;one-one&#8221; uncode_shortcode_id=&#8221;198891&#8243;][\/vc_column_inner][vc_column_inner column_width_percent=&#8221;100&#8243; gutter_size=&#8221;0&#8243; overlay_alpha=&#8221;50&#8243; shift_x=&#8221;0&#8243; shift_y=&#8221;0&#8243; shift_y_down=&#8221;0&#8243; z_index=&#8221;0&#8243; medium_width=&#8221;0&#8243; mobile_width=&#8221;0&#8243; width=&#8221;1\/2&#8243; uncode_shortcode_id=&#8221;196584&#8243;][vc_column_text text_lead=&#8221;yes&#8221; text_color=&#8221;color-jevc&#8221; uncode_shortcode_id=&#8221;152785&#8243; text_color_type=&#8221;uncode-palette&#8221;]Dog Carnival[\/vc_column_text][vc_custom_heading text_weight=&#8221;700&#8243; uncode_shortcode_id=&#8221;172435&#8243;]Chanel[\/vc_custom_heading][vc_empty_space empty_h=&#8221;1&#8243;][vc_column_text text_color=&#8221;color-jevc&#8221; uncode_shortcode_id=&#8221;886872&#8243; text_color_type=&#8221;uncode-palette&#8221;]<\/p>\n<div class=\"body\">\n<div class=\"container\">\n<div class=\"row\">\n<p>A drag dog, the royal fairytale Carnival mascot. Drag Can La Obsesionada, a giant poodle who\u2019s no stranger to the contest, took home the first prize in the tenth edition of the Canine Carnival, an award that is equivalent to four months of True Instinct Natural Nutrition dog food from Nature&#8217;s Variety.<\/p>\n<\/div>\n<\/div>\n<\/div>\n<p>[\/vc_column_text][\/vc_column_inner][\/vc_row_inner][\/vc_column][\/vc_row]<\/p>\n<\/div>","protected":false},"excerpt":{"rendered":"<p>Once upon a time<\/p>\n","protected":false},"author":1,"featured_media":17615,"parent":19752,"menu_order":0,"comment_status":"closed","ping_status":"closed","template":"","meta":{"_acf_changed":false,"footnotes":""},"class_list":["post-19682","page","type-page","status-publish","has-post-thumbnail","hentry"],"acf":[],"_links":{"self":[{"href":"https:\/\/lpacarnaval.com\/en\/wp-json\/wp\/v2\/pages\/19682","targetHints":{"allow":["GET"]}}],"collection":[{"href":"https:\/\/lpacarnaval.com\/en\/wp-json\/wp\/v2\/pages"}],"about":[{"href":"https:\/\/lpacarnaval.com\/en\/wp-json\/wp\/v2\/types\/page"}],"author":[{"embeddable":true,"href":"https:\/\/lpacarnaval.com\/en\/wp-json\/wp\/v2\/users\/1"}],"replies":[{"embeddable":true,"href":"https:\/\/lpacarnaval.com\/en\/wp-json\/wp\/v2\/comments?post=19682"}],"version-history":[{"count":7,"href":"https:\/\/lpacarnaval.com\/en\/wp-json\/wp\/v2\/pages\/19682\/revisions"}],"predecessor-version":[{"id":21377,"href":"https:\/\/lpacarnaval.com\/en\/wp-json\/wp\/v2\/pages\/19682\/revisions\/21377"}],"up":[{"embeddable":true,"href":"https:\/\/lpacarnaval.com\/en\/wp-json\/wp\/v2\/pages\/19752"}],"wp:featuredmedia":[{"embeddable":true,"href":"https:\/\/lpacarnaval.com\/en\/wp-json\/wp\/v2\/media\/17615"}],"wp:attachment":[{"href":"https:\/\/lpacarnaval.com\/en\/wp-json\/wp\/v2\/media?parent=19682"}],"curies":[{"name":"wp","href":"https:\/\/api.w.org\/{rel}","templated":true}]}}