{"id":19679,"date":"2024-01-15T13:40:50","date_gmt":"2024-01-15T13:40:50","guid":{"rendered":"https:\/\/lpacarnaval.com\/edition-2019\/"},"modified":"2024-12-04T11:56:26","modified_gmt":"2024-12-04T11:56:26","slug":"edition-2019","status":"publish","type":"page","link":"https:\/\/lpacarnaval.com\/en\/editions\/edition-2019\/","title":{"rendered":"Edition 2019"},"content":{"rendered":"<div class=\"wpb-content-wrapper\"><p>[vc_row row_height_percent=&#8221;0&#8243; back_color=&#8221;color-gyho&#8221; back_image=&#8221;16587&#8243; back_image_auto=&#8221;yes&#8221; overlay_color=&#8221;color-jevc&#8221; overlay_alpha=&#8221;45&#8243; gutter_size=&#8221;3&#8243; column_width_percent=&#8221;100&#8243; shift_y=&#8221;0&#8243; z_index=&#8221;0&#8243; uncode_shortcode_id=&#8221;783874&#8243; css=&#8221;.vc_custom_1705326279832{padding-top: 150px !important;padding-bottom: 50px !important;}&#8221; back_color_type=&#8221;uncode-palette&#8221; overlay_color_type=&#8221;uncode-palette&#8221;][vc_column column_width_percent=&#8221;100&#8243; position_vertical=&#8221;middle&#8221; align_horizontal=&#8221;align_center&#8221; gutter_size=&#8221;3&#8243; override_padding=&#8221;yes&#8221; column_padding=&#8221;5&#8243; style=&#8221;dark&#8221; overlay_alpha=&#8221;50&#8243; shift_x=&#8221;0&#8243; shift_y=&#8221;0&#8243; shift_y_down=&#8221;0&#8243; z_index=&#8221;0&#8243; medium_width=&#8221;0&#8243; mobile_width=&#8221;0&#8243; width=&#8221;1\/1&#8243; uncode_shortcode_id=&#8221;958025&#8243;][vc_custom_heading heading_semantic=&#8221;h1&#8243; text_size=&#8221;h1&#8243; text_weight=&#8221;700&#8243; uncode_shortcode_id=&#8221;216489&#8243;]Edition 2019[\/vc_custom_heading][\/vc_column][\/vc_row][vc_row row_height_percent=&#8221;0&#8243; back_color=&#8221;color-xsdn&#8221; overlay_alpha=&#8221;50&#8243; gutter_size=&#8221;3&#8243; column_width_percent=&#8221;100&#8243; shift_y=&#8221;-5&#8243; z_index=&#8221;0&#8243; uncode_shortcode_id=&#8221;667739&#8243; back_color_type=&#8221;uncode-palette&#8221;][vc_column column_width_percent=&#8221;100&#8243; position_vertical=&#8221;middle&#8221; align_horizontal=&#8221;align_center&#8221; gutter_size=&#8221;3&#8243; back_color=&#8221;color-xsdn&#8221; overlay_alpha=&#8221;50&#8243; shift_x=&#8221;0&#8243; shift_y=&#8221;0&#8243; shift_y_down=&#8221;0&#8243; z_index=&#8221;0&#8243; medium_width=&#8221;0&#8243; mobile_width=&#8221;0&#8243; width=&#8221;1\/1&#8243; uncode_shortcode_id=&#8221;101359&#8243; back_color_type=&#8221;uncode-palette&#8221;][vc_custom_heading text_color=&#8221;color-jevc&#8221; heading_semantic=&#8221;h1&#8243; text_size=&#8221;h1&#8243; text_weight=&#8221;800&#8243; uncode_shortcode_id=&#8221;210753&#8243; text_color_type=&#8221;uncode-palette&#8221;]R\u00edo de Janeiro[\/vc_custom_heading][uncode_share layout=&#8221;multiple&#8221; bigger=&#8221;yes&#8221; no_back=&#8221;yes&#8221; el_class=&#8221;line-divider&#8221;][vc_row_inner limit_content=&#8221;&#8221;][vc_column_inner width=&#8221;1\/2&#8243;][vc_single_image media=&#8221;16557&#8243; media_lightbox=&#8221;yes&#8221; media_width_percent=&#8221;100&#8243; media_ratio=&#8221;one-one&#8221; uncode_shortcode_id=&#8221;140169&#8243;][\/vc_column_inner][vc_column_inner column_width_percent=&#8221;100&#8243; gutter_size=&#8221;0&#8243; overlay_alpha=&#8221;50&#8243; shift_x=&#8221;0&#8243; shift_y=&#8221;0&#8243; shift_y_down=&#8221;0&#8243; z_index=&#8221;0&#8243; medium_width=&#8221;0&#8243; mobile_width=&#8221;0&#8243; width=&#8221;1\/2&#8243; uncode_shortcode_id=&#8221;196584&#8243;][vc_column_text text_lead=&#8221;yes&#8221; text_color=&#8221;color-jevc&#8221; uncode_shortcode_id=&#8221;198507&#8243; text_color_type=&#8221;uncode-palette&#8221;]POSTER[\/vc_column_text][vc_empty_space empty_h=&#8221;1&#8243;][vc_column_text text_color=&#8221;color-jevc&#8221; uncode_shortcode_id=&#8221;378824&#8243; text_color_type=&#8221;uncode-palette&#8221;]<\/p>\n<div class=\"row ediciones\">\n<div class=\"span6 contenidogeneral\">\n<div class=\"masinfo\">\n<p>The flight of a tropical bird brought the magic of Rio de Janeiro to the Las Palmas de Gran Canaria Carnival. The silhouette of a macaw encompassed the different elements twinning the party of the &#8220;Cidade Maravilhosa&#8221; (Wonderful City) with the Gran Canaria capital. So the poster was dressed in the bird&#8217;s plumage, with different elements extolling merriment, colour and the sound of the celebration.  <\/p><\/div>\n<\/div>\n<\/div>\n<div class=\"row ediciones\">\n<div class=\"divblogcontenidoprotas span6\">\n<div class=\"divimagenblogcontenidoediciones\"><\/div>\n<\/div>\n<\/div>\n<p>[\/vc_column_text][\/vc_column_inner][\/vc_row_inner][vc_row_inner limit_content=&#8221;&#8221;][vc_column_inner width=&#8221;1\/2&#8243;][vc_single_image media=&#8221;16587&#8243; media_lightbox=&#8221;yes&#8221; media_width_percent=&#8221;100&#8243; media_ratio=&#8221;one-one&#8221; uncode_shortcode_id=&#8221;156969&#8243;][\/vc_column_inner][vc_column_inner column_width_percent=&#8221;100&#8243; gutter_size=&#8221;0&#8243; overlay_alpha=&#8221;50&#8243; shift_x=&#8221;0&#8243; shift_y=&#8221;0&#8243; shift_y_down=&#8221;0&#8243; z_index=&#8221;0&#8243; medium_width=&#8221;0&#8243; mobile_width=&#8221;0&#8243; width=&#8221;1\/2&#8243; uncode_shortcode_id=&#8221;196584&#8243;][vc_column_text text_lead=&#8221;yes&#8221; text_color=&#8221;color-jevc&#8221; uncode_shortcode_id=&#8221;114551&#8243; text_color_type=&#8221;uncode-palette&#8221;]Stage[\/vc_column_text][vc_custom_heading text_weight=&#8221;700&#8243; uncode_shortcode_id=&#8221;177409&#8243;]Roberto Burle Max[\/vc_custom_heading][vc_empty_space empty_h=&#8221;1&#8243;][vc_column_text text_color=&#8221;color-jevc&#8221; uncode_shortcode_id=&#8221;199007&#8243; text_color_type=&#8221;uncode-palette&#8221;]The Carnival stage paid homage to Rio de Janeiro through the use of colour and the symbols of its nature and architecture. This homage simultaneously established ties between Las Palmas de Gran Canaria and the Brazilian city. <\/p>\n<p>The main festival decorations in the Gran Canaria capital drew their inspiration from subtle and recognisable icons, features avoiding clich\u00e9s and which still managed to transport the Carnival merrymakers to the experience of a night in Rio.<\/p>\n<p>So the &#8220;Copacabana Coast&#8221; and its mosaic-paved seaside parade, work of architect and landscaper Roberto Burle Max, was depicted at various points of the stage, and the ornamental references to another of Rio&#8217;s brilliant architects, Oscar Niemeyer, were present through abstraction.[\/vc_column_text][\/vc_column_inner][\/vc_row_inner][vc_row_inner limit_content=&#8221;&#8221;][vc_column_inner width=&#8221;1\/2&#8243;][vc_single_image media=&#8221;16602&#8243; media_lightbox=&#8221;yes&#8221; media_width_percent=&#8221;100&#8243; media_ratio=&#8221;one-one&#8221; uncode_shortcode_id=&#8221;523900&#8243;][\/vc_column_inner][vc_column_inner column_width_percent=&#8221;100&#8243; gutter_size=&#8221;0&#8243; overlay_alpha=&#8221;50&#8243; shift_x=&#8221;0&#8243; shift_y=&#8221;0&#8243; shift_y_down=&#8221;0&#8243; z_index=&#8221;0&#8243; medium_width=&#8221;0&#8243; mobile_width=&#8221;0&#8243; width=&#8221;1\/2&#8243; uncode_shortcode_id=&#8221;196584&#8243;][vc_column_text text_lead=&#8221;yes&#8221; text_color=&#8221;color-jevc&#8221; uncode_shortcode_id=&#8221;156355&#8243; text_color_type=&#8221;uncode-palette&#8221;]Proclaimer[\/vc_column_text][vc_custom_heading text_weight=&#8221;700&#8243; uncode_shortcode_id=&#8221;153872&#8243;]Manolo Vieira[\/vc_custom_heading][vc_empty_space empty_h=&#8221;1&#8243;][vc_column_text text_color=&#8221;color-jevc&#8221; uncode_shortcode_id=&#8221;106140&#8243; text_color_type=&#8221;uncode-palette&#8221;]Manolo Vieira, a native of the Isleta area and a great Carnival fan, declared &#8220;A Night in Rio&#8221; Carnival open in Santa Ana Square.<\/p>\n<p>This comedian, one of the best loved and admired comedians on the islands, gave an opening speech full of humour and feeling, in honour of the world of Carnival.<\/p>\n<p>Backed up by the Chirimurga del Timple, the Gran Canaria comedian explored reminiscences of La Isleta, Carnival and its stories, and the future of this fiesta.[\/vc_column_text][\/vc_column_inner][\/vc_row_inner][vc_row_inner limit_content=&#8221;&#8221;][vc_column_inner width=&#8221;1\/2&#8243;][vc_single_image media=&#8221;16607&#8243; media_lightbox=&#8221;yes&#8221; media_width_percent=&#8221;100&#8243; media_ratio=&#8221;one-one&#8221; uncode_shortcode_id=&#8221;147609&#8243;][\/vc_column_inner][vc_column_inner column_width_percent=&#8221;100&#8243; gutter_size=&#8221;0&#8243; overlay_alpha=&#8221;50&#8243; shift_x=&#8221;0&#8243; shift_y=&#8221;0&#8243; shift_y_down=&#8221;0&#8243; z_index=&#8221;0&#8243; medium_width=&#8221;0&#8243; mobile_width=&#8221;0&#8243; width=&#8221;1\/2&#8243; uncode_shortcode_id=&#8221;196584&#8243;][vc_column_text text_lead=&#8221;yes&#8221; text_color=&#8221;color-jevc&#8221; uncode_shortcode_id=&#8221;901561&#8243; text_color_type=&#8221;uncode-palette&#8221;]Carnival Queen[\/vc_column_text][vc_custom_heading text_weight=&#8221;700&#8243; uncode_shortcode_id=&#8221;893549&#8243;]Erika Echuaca Sebe[\/vc_custom_heading][vc_empty_space empty_h=&#8221;1&#8243;][vc_column_text text_color=&#8221;color-jevc&#8221; uncode_shortcode_id=&#8221;529187&#8243; text_color_type=&#8221;uncode-palette&#8221;]Erika Echuaca Sebe, with her costume &#8220;Volar sin alas&#8221; (Fly without Wings); designed by Nauzet Afonso, representing McDonald\u2019s, won the hearts of the jury and the thousands of people there at the act which crowned the Queen of the Carnival.<\/p>\n<p>Erika also carried off the first replica of the crown in a brooch, a memento which is hers to keep beyond her year as reigning queen.[\/vc_column_text][\/vc_column_inner][\/vc_row_inner][vc_row_inner limit_content=&#8221;&#8221;][vc_column_inner width=&#8221;1\/2&#8243;][vc_single_image media=&#8221;16582&#8243; media_lightbox=&#8221;yes&#8221; media_width_percent=&#8221;100&#8243; media_ratio=&#8221;one-one&#8221; uncode_shortcode_id=&#8221;155232&#8243;][\/vc_column_inner][vc_column_inner column_width_percent=&#8221;100&#8243; gutter_size=&#8221;0&#8243; overlay_alpha=&#8221;50&#8243; shift_x=&#8221;0&#8243; shift_y=&#8221;0&#8243; shift_y_down=&#8221;0&#8243; z_index=&#8221;0&#8243; medium_width=&#8221;0&#8243; mobile_width=&#8221;0&#8243; width=&#8221;1\/2&#8243; uncode_shortcode_id=&#8221;196584&#8243;][vc_column_text text_lead=&#8221;yes&#8221; text_color=&#8221;color-jevc&#8221; uncode_shortcode_id=&#8221;212142&#8243; text_color_type=&#8221;uncode-palette&#8221;]Drag Queen[\/vc_column_text][vc_custom_heading text_weight=&#8221;700&#8243; uncode_shortcode_id=&#8221;355065&#8243;]DRAG CHUCHI, Pedro Bethencourt Guerra[\/vc_custom_heading][vc_empty_space empty_h=&#8221;1&#8243;][vc_column_text text_color=&#8221;color-jevc&#8221; uncode_shortcode_id=&#8221;169634&#8243; text_color_type=&#8221;uncode-palette&#8221;]<\/p>\n<div class=\"row ediciones\">\n<div class=\"span6 contenidogeneral\">\n<div class=\"masinfo\">\n<p>The &#8220;Repite mi nombre&#8221; (Repeat my Name) spectacle and costume, a design by Kilian Betancor Falc\u00f3n for the Fernando Pessoa Canarias University, brought him the title which rounded off the court of &#8220;A Night in Rio&#8221;. Chuchi was the first to receive the Drag sceptre designed by the craftsman Juan Lillo. <\/p><\/div>\n<\/div>\n<\/div>\n<div class=\"row ediciones\">\n<div class=\"divblogcontenidoprotas span6\">\n<div class=\"divimagenblogcontenidoediciones\"><\/div>\n<\/div>\n<\/div>\n<p>[\/vc_column_text][\/vc_column_inner][\/vc_row_inner][vc_row_inner limit_content=&#8221;&#8221;][vc_column_inner width=&#8221;1\/2&#8243;][vc_single_image media=&#8221;16572&#8243; media_lightbox=&#8221;yes&#8221; media_width_percent=&#8221;100&#8243; media_ratio=&#8221;one-one&#8221; uncode_shortcode_id=&#8221;118660&#8243;][\/vc_column_inner][vc_column_inner column_width_percent=&#8221;100&#8243; gutter_size=&#8221;0&#8243; overlay_alpha=&#8221;50&#8243; shift_x=&#8221;0&#8243; shift_y=&#8221;0&#8243; shift_y_down=&#8221;0&#8243; z_index=&#8221;0&#8243; medium_width=&#8221;0&#8243; mobile_width=&#8221;0&#8243; width=&#8221;1\/2&#8243; uncode_shortcode_id=&#8221;196584&#8243;][vc_column_text text_lead=&#8221;yes&#8221; text_color=&#8221;color-jevc&#8221; uncode_shortcode_id=&#8221;128099&#8243; text_color_type=&#8221;uncode-palette&#8221;]Grand Dame[\/vc_column_text][vc_custom_heading text_weight=&#8221;700&#8243; uncode_shortcode_id=&#8221;514693&#8243;]Luisa Lozano[\/vc_custom_heading][vc_empty_space empty_h=&#8221;1&#8243;][vc_column_text text_color=&#8221;color-jevc&#8221; uncode_shortcode_id=&#8221;487732&#8243; text_color_type=&#8221;uncode-palette&#8221;]Luisa Lozano was the first to ascend her fiesta throne, on the night of Sunday, February 17.<\/p>\n<p>Representing the restaurant La Flamenca de la Feria, she received her title from the hands of the mayor, Augusto Hidalgo. Luisa carried off the crown thanks to the costume created by Willy D\u00edaz, with the title of &#8220;Stampa do Brasil&#8221; (A Scene from Brazil). As well as the title of veteran ruler, Luisa Lozano received a set of products for personal care, a gift from Kielh&#8217;s.[\/vc_column_text][\/vc_column_inner][\/vc_row_inner][vc_row_inner limit_content=&#8221;&#8221;][vc_column_inner width=&#8221;1\/2&#8243;][vc_single_image media=&#8221;16612&#8243; media_lightbox=&#8221;yes&#8221; media_width_percent=&#8221;100&#8243; media_ratio=&#8221;one-one&#8221; uncode_shortcode_id=&#8221;179919&#8243;][\/vc_column_inner][vc_column_inner column_width_percent=&#8221;100&#8243; gutter_size=&#8221;0&#8243; overlay_alpha=&#8221;50&#8243; shift_x=&#8221;0&#8243; shift_y=&#8221;0&#8243; shift_y_down=&#8221;0&#8243; z_index=&#8221;0&#8243; medium_width=&#8221;0&#8243; mobile_width=&#8221;0&#8243; width=&#8221;1\/2&#8243; uncode_shortcode_id=&#8221;196584&#8243;][vc_column_text text_lead=&#8221;yes&#8221; text_color=&#8221;color-jevc&#8221; uncode_shortcode_id=&#8221;162432&#8243; text_color_type=&#8221;uncode-palette&#8221;]Junior Carnival Queen[\/vc_column_text][vc_custom_heading text_weight=&#8221;700&#8243; uncode_shortcode_id=&#8221;164840&#8243;]N\u00e1yade P\u00e9rez Castro[\/vc_custom_heading][vc_empty_space empty_h=&#8221;1&#8243;][vc_column_text text_color=&#8221;color-jevc&#8221; uncode_shortcode_id=&#8221;353211&#8243; text_color_type=&#8221;uncode-palette&#8221;]<\/p>\n<div class=\"row ediciones\">\n<div class=\"contenidogeneral span6\">\n<div class=\"masinfo\">\n<p>N\u00e1yade P\u00e9rez Castro, the first girl to walk the catwalk at the children&#8217;s fiesta, took her place on the throne as the ruler for the girls and boys.<\/p>\n<p>Her performance in the &#8220;Serenata para usted, cosita linda&#8221; (Serenade for You, Pretty Thing) costume, designed by Manuel Encinoso and Bego\u00f1a P\u00e9rez for Amanda Bus, won hearts with her refreshing style and charm, both on the jury and among the audience which had filled the Santa Catalina Park Carnival enclosure to capacity.<\/p><\/div>\n<\/div>\n<\/div>\n<div class=\"row ediciones\">\n<div class=\"divblogcontenidoprotas span6\">\n<div class=\"divimagenblogcontenidoediciones\"><\/div>\n<\/div>\n<\/div>\n<p>[\/vc_column_text][\/vc_column_inner][\/vc_row_inner][vc_row_inner limit_content=&#8221;&#8221;][vc_column_inner width=&#8221;1\/2&#8243;][vc_single_image media=&#8221;16597&#8243; media_lightbox=&#8221;yes&#8221; media_width_percent=&#8221;100&#8243; media_ratio=&#8221;one-one&#8221; uncode_shortcode_id=&#8221;981786&#8243;][\/vc_column_inner][vc_column_inner column_width_percent=&#8221;100&#8243; gutter_size=&#8221;0&#8243; overlay_alpha=&#8221;50&#8243; shift_x=&#8221;0&#8243; shift_y=&#8221;0&#8243; shift_y_down=&#8221;0&#8243; z_index=&#8221;0&#8243; medium_width=&#8221;0&#8243; mobile_width=&#8221;0&#8243; width=&#8221;1\/2&#8243; uncode_shortcode_id=&#8221;196584&#8243;][vc_column_text text_lead=&#8221;yes&#8221; text_color=&#8221;color-jevc&#8221; uncode_shortcode_id=&#8221;179138&#8243; text_color_type=&#8221;uncode-palette&#8221;]Murga[\/vc_column_text][vc_custom_heading text_weight=&#8221;700&#8243; uncode_shortcode_id=&#8221;873269&#8243;]Serenquenes[\/vc_custom_heading][vc_empty_space empty_h=&#8221;1&#8243;][vc_column_text text_color=&#8221;color-jevc&#8221; uncode_shortcode_id=&#8221;204400&#8243; text_color_type=&#8221;uncode-palette&#8221;]The Serenquenquenes were the night&#8217;s winners with the first prize for their performance, which they picked up to the sound of an ovation from the Santa Catalina Park audience. This prize brought the total for first prizes for performances at the Las Palmas de Gran Canaria Carnival heading back to the town of Ag\u00fcimes to fifteen, after winning also in 1991, 1992, 1997, 1999, 2000, 2002, 2007, 2008, 2009, 2010, 2012, 2013, 2014 and 2018. <\/p>\n<p>Los Lega\u00f1asos won first prize for costume at the fiesta, third prize for performance, and the Critic\u00f3n prize awarded by the press.[\/vc_column_text][\/vc_column_inner][\/vc_row_inner][vc_row_inner limit_content=&#8221;&#8221;][vc_column_inner width=&#8221;1\/2&#8243;][vc_single_image media=&#8221;16562&#8243; media_lightbox=&#8221;yes&#8221; media_width_percent=&#8221;100&#8243; media_ratio=&#8221;one-one&#8221; uncode_shortcode_id=&#8221;180409&#8243;][\/vc_column_inner][vc_column_inner column_width_percent=&#8221;100&#8243; gutter_size=&#8221;0&#8243; overlay_alpha=&#8221;50&#8243; shift_x=&#8221;0&#8243; shift_y=&#8221;0&#8243; shift_y_down=&#8221;0&#8243; z_index=&#8221;0&#8243; medium_width=&#8221;0&#8243; mobile_width=&#8221;0&#8243; width=&#8221;1\/2&#8243; uncode_shortcode_id=&#8221;196584&#8243;][vc_column_text text_lead=&#8221;yes&#8221; text_color=&#8221;color-jevc&#8221; uncode_shortcode_id=&#8221;291560&#8243; text_color_type=&#8221;uncode-palette&#8221;]Comparsa[\/vc_column_text][vc_custom_heading text_weight=&#8221;700&#8243; uncode_shortcode_id=&#8221;132590&#8243;]Kisamba[\/vc_custom_heading][vc_empty_space empty_h=&#8221;1&#8243;][vc_column_text text_color=&#8221;color-jevc&#8221; uncode_shortcode_id=&#8221;154517&#8243; text_color_type=&#8221;uncode-palette&#8221;]Kisamba, the Comparsa performers from the Arenales quarter, took first prizes again for performance and costume, the double triumph they also achieved in 2018 and in 2017, with their spectacular staging, the display of costume and their gorgeous choreographies.<\/p>\n<p>The &#8220;Neste mundo de beleza&#8221; (In this World of Beauty) show, Laura Torres&#8217; choreography, the performance by the forty-two components of the group, and Juan Fernando Henr\u00edquez&#8217;s design, were all recognised by the various juries.[\/vc_column_text][\/vc_column_inner][\/vc_row_inner][vc_row_inner limit_content=&#8221;&#8221;][vc_column_inner width=&#8221;1\/2&#8243;][vc_single_image media=&#8221;16567&#8243; media_lightbox=&#8221;yes&#8221; media_width_percent=&#8221;100&#8243; media_ratio=&#8221;one-one&#8221; uncode_shortcode_id=&#8221;979447&#8243;][\/vc_column_inner][vc_column_inner column_width_percent=&#8221;100&#8243; gutter_size=&#8221;0&#8243; overlay_alpha=&#8221;50&#8243; shift_x=&#8221;0&#8243; shift_y=&#8221;0&#8243; shift_y_down=&#8221;0&#8243; z_index=&#8221;0&#8243; medium_width=&#8221;0&#8243; mobile_width=&#8221;0&#8243; width=&#8221;1\/2&#8243; uncode_shortcode_id=&#8221;196584&#8243;][vc_column_text text_lead=&#8221;yes&#8221; text_color=&#8221;color-jevc&#8221; uncode_shortcode_id=&#8221;120351&#8243; text_color_type=&#8221;uncode-palette&#8221;]Junior Comparsa[\/vc_column_text][vc_custom_heading text_weight=&#8221;700&#8243; uncode_shortcode_id=&#8221;195783&#8243;]Lianceiros Junior[\/vc_custom_heading][vc_empty_space empty_h=&#8221;1&#8243;][vc_column_text text_color=&#8221;color-jevc&#8221; uncode_shortcode_id=&#8221;122671&#8243; text_color_type=&#8221;uncode-palette&#8221;]Lianceiros Junior carried off the first prize for performance and costume in the junior Comparsa competition.<\/p>\n<p>The &#8220;Recu\u00e9rdame&#8221; (Remember Me) show, directed by choreographer Samuel Rodr\u00edguez Gonz\u00e1lez caught the performance jury&#8217;s favour, while Jos\u00e9 Julio Armas&#8217;s costumes, entitled &#8220;Con ritmo, sabor y mucho color, Lianceiros lleg\u00f3. \u00a1Uy, qu\u00e9 chuchi!&#8221; (With Rhythm, Flavour and lots of Colour, the Lianceiros are here. Ay, how Cute!) was awarded top marks from the costume jury.[\/vc_column_text][\/vc_column_inner][\/vc_row_inner][vc_row_inner limit_content=&#8221;&#8221;][vc_column_inner width=&#8221;1\/2&#8243;][vc_single_image media=&#8221;16592&#8243; media_lightbox=&#8221;yes&#8221; media_width_percent=&#8221;100&#8243; media_ratio=&#8221;one-one&#8221; uncode_shortcode_id=&#8221;184808&#8243;][\/vc_column_inner][vc_column_inner column_width_percent=&#8221;100&#8243; gutter_size=&#8221;0&#8243; overlay_alpha=&#8221;50&#8243; shift_x=&#8221;0&#8243; shift_y=&#8221;0&#8243; shift_y_down=&#8221;0&#8243; z_index=&#8221;0&#8243; medium_width=&#8221;0&#8243; mobile_width=&#8221;0&#8243; width=&#8221;1\/2&#8243; uncode_shortcode_id=&#8221;196584&#8243;][vc_column_text text_lead=&#8221;yes&#8221; text_color=&#8221;color-jevc&#8221; uncode_shortcode_id=&#8221;819940&#8243; text_color_type=&#8221;uncode-palette&#8221;]Body Painting Competition[\/vc_column_text][vc_custom_heading text_weight=&#8221;700&#8243; uncode_shortcode_id=&#8221;144598&#8243;]Don&#8217;t Fall into Temptation[\/vc_custom_heading][vc_empty_space empty_h=&#8221;1&#8243;][vc_column_text text_color=&#8221;color-jevc&#8221; uncode_shortcode_id=&#8221;204652&#8243; text_color_type=&#8221;uncode-palette&#8221;]<\/p>\n<div class=\"row ediciones\">\n<div class=\"contenidogeneral span6\">\n<div class=\"masinfo\">\n<p>The &#8220;No caigas en la tentaci\u00f3n&#8221; (Don&#8217;t Fall into Temptation) design, executed on the body of model Rafael Felipe Porras by make-up artist Josep L\u00f3pez, representing Autoescuela Botella and Ballet Rafa Felipe, received the first prize in a competition calling for artistic talent, creativity and aplomb in the performance of the choreography.<\/p><\/div>\n<\/div>\n<\/div>\n<div class=\"row ediciones\">\n<div class=\"divblogcontenidoprotas span6\">\n<div class=\"divimagenblogcontenidoediciones\"><\/div>\n<\/div>\n<\/div>\n<p>[\/vc_column_text][\/vc_column_inner][\/vc_row_inner][vc_row_inner limit_content=&#8221;&#8221;][vc_column_inner width=&#8221;1\/2&#8243;][vc_single_image media=&#8221;16577&#8243; media_lightbox=&#8221;yes&#8221; media_width_percent=&#8221;100&#8243; media_ratio=&#8221;one-one&#8221; uncode_shortcode_id=&#8221;198000&#8243;][\/vc_column_inner][vc_column_inner column_width_percent=&#8221;100&#8243; gutter_size=&#8221;0&#8243; overlay_alpha=&#8221;50&#8243; shift_x=&#8221;0&#8243; shift_y=&#8221;0&#8243; shift_y_down=&#8221;0&#8243; z_index=&#8221;0&#8243; medium_width=&#8221;0&#8243; mobile_width=&#8221;0&#8243; width=&#8221;1\/2&#8243; uncode_shortcode_id=&#8221;196584&#8243;][vc_column_text text_lead=&#8221;yes&#8221; text_color=&#8221;color-jevc&#8221; uncode_shortcode_id=&#8221;166170&#8243; text_color_type=&#8221;uncode-palette&#8221;]Costume Contest[\/vc_column_text][vc_custom_heading text_weight=&#8221;700&#8243; uncode_shortcode_id=&#8221;147161&#8243;]And may Silence be Converted into Carnival[\/vc_custom_heading][vc_empty_space empty_h=&#8221;1&#8243;][vc_column_text text_color=&#8221;color-jevc&#8221; uncode_shortcode_id=&#8221;205150&#8243; text_color_type=&#8221;uncode-palette&#8221;]Cristo Manuel Garc\u00eda Ramos, with the costume &#8220;Y que el silencio se convierta en Carnaval&#8221; (And may Silence be Converted into Carnival); by Jorge P\u00e9rez and JP Dise\u00f1os, in the individual category, and the Mamachicho group, with the costume &#8220;Escola de Samba Mamachichao&#8221; (Mamachichao Samba School), in the group category, took the first prizes for the Costume Competition.[\/vc_column_text][\/vc_column_inner][\/vc_row_inner][vc_row_inner limit_content=&#8221;&#8221;][vc_column_inner width=&#8221;1\/2&#8243;][vc_single_image media=&#8221;16552&#8243; media_lightbox=&#8221;yes&#8221; media_width_percent=&#8221;100&#8243; media_ratio=&#8221;one-one&#8221; uncode_shortcode_id=&#8221;190425&#8243;][\/vc_column_inner][vc_column_inner column_width_percent=&#8221;100&#8243; gutter_size=&#8221;0&#8243; overlay_alpha=&#8221;50&#8243; shift_x=&#8221;0&#8243; shift_y=&#8221;0&#8243; shift_y_down=&#8221;0&#8243; z_index=&#8221;0&#8243; medium_width=&#8221;0&#8243; mobile_width=&#8221;0&#8243; width=&#8221;1\/2&#8243; uncode_shortcode_id=&#8221;196584&#8243;][vc_column_text text_lead=&#8221;yes&#8221; text_color=&#8221;color-jevc&#8221; uncode_shortcode_id=&#8221;152785&#8243; text_color_type=&#8221;uncode-palette&#8221;]Dog Carnival[\/vc_column_text][vc_custom_heading text_weight=&#8221;700&#8243; uncode_shortcode_id=&#8221;141889&#8243;]From The wildest Forest Come Milka and Eva to Enjoy The Carioca Carnival[\/vc_custom_heading][vc_empty_space empty_h=&#8221;1&#8243;][vc_column_text text_color=&#8221;color-jevc&#8221; uncode_shortcode_id=&#8221;157039&#8243; text_color_type=&#8221;uncode-palette&#8221;]The kingdom of &#8220;A Night in Rio&#8221; brought its pets together on the morning that a little miniature bull terrier took the winner&#8217;s podium.<\/p>\n<p>The jury fell in love with the costume &#8220;Desde la selva m\u00e1s salvaje llegan Milka y Eva a disfrutar del Carnaval carioca&#8221; (From The wildest Forest Come Milka and Eva to Enjoy The Carioca Carnival), designed by Eva Le\u00f3n, and recognised the originality of the idea: the first dog to win with an alternative body painting costume.[\/vc_column_text][\/vc_column_inner][\/vc_row_inner][\/vc_column][\/vc_row]<\/p>\n<\/div>","protected":false},"excerpt":{"rendered":"<p>R\u00edo de Janeiro<\/p>\n","protected":false},"author":1,"featured_media":17640,"parent":19752,"menu_order":0,"comment_status":"closed","ping_status":"closed","template":"","meta":{"_acf_changed":false,"footnotes":""},"class_list":["post-19679","page","type-page","status-publish","has-post-thumbnail","hentry"],"acf":[],"_links":{"self":[{"href":"https:\/\/lpacarnaval.com\/en\/wp-json\/wp\/v2\/pages\/19679","targetHints":{"allow":["GET"]}}],"collection":[{"href":"https:\/\/lpacarnaval.com\/en\/wp-json\/wp\/v2\/pages"}],"about":[{"href":"https:\/\/lpacarnaval.com\/en\/wp-json\/wp\/v2\/types\/page"}],"author":[{"embeddable":true,"href":"https:\/\/lpacarnaval.com\/en\/wp-json\/wp\/v2\/users\/1"}],"replies":[{"embeddable":true,"href":"https:\/\/lpacarnaval.com\/en\/wp-json\/wp\/v2\/comments?post=19679"}],"version-history":[{"count":6,"href":"https:\/\/lpacarnaval.com\/en\/wp-json\/wp\/v2\/pages\/19679\/revisions"}],"predecessor-version":[{"id":21104,"href":"https:\/\/lpacarnaval.com\/en\/wp-json\/wp\/v2\/pages\/19679\/revisions\/21104"}],"up":[{"embeddable":true,"href":"https:\/\/lpacarnaval.com\/en\/wp-json\/wp\/v2\/pages\/19752"}],"wp:featuredmedia":[{"embeddable":true,"href":"https:\/\/lpacarnaval.com\/en\/wp-json\/wp\/v2\/media\/17640"}],"wp:attachment":[{"href":"https:\/\/lpacarnaval.com\/en\/wp-json\/wp\/v2\/media?parent=19679"}],"curies":[{"name":"wp","href":"https:\/\/api.w.org\/{rel}","templated":true}]}}