{"id":19673,"date":"2024-01-15T14:45:07","date_gmt":"2024-01-15T14:45:07","guid":{"rendered":"https:\/\/lpacarnaval.com\/edition-2017\/"},"modified":"2024-12-16T13:08:33","modified_gmt":"2024-12-16T13:08:33","slug":"edition-2017","status":"publish","type":"page","link":"https:\/\/lpacarnaval.com\/en\/editions\/edition-2017\/","title":{"rendered":"Edition 2017"},"content":{"rendered":"<div class=\"wpb-content-wrapper\"><p>[vc_row row_height_percent=&#8221;0&#8243; back_color=&#8221;color-gyho&#8221; back_image=&#8221;20292&#8243; back_image_auto=&#8221;yes&#8221; overlay_color=&#8221;color-jevc&#8221; overlay_alpha=&#8221;45&#8243; gutter_size=&#8221;3&#8243; column_width_percent=&#8221;100&#8243; shift_y=&#8221;0&#8243; z_index=&#8221;0&#8243; uncode_shortcode_id=&#8221;144852&#8243; css=&#8221;.vc_custom_1722524112457{padding-top: 150px !important;padding-bottom: 50px !important;}&#8221; back_color_type=&#8221;uncode-palette&#8221; overlay_color_type=&#8221;uncode-palette&#8221;][vc_column column_width_percent=&#8221;100&#8243; position_vertical=&#8221;middle&#8221; align_horizontal=&#8221;align_center&#8221; gutter_size=&#8221;3&#8243; override_padding=&#8221;yes&#8221; column_padding=&#8221;5&#8243; style=&#8221;dark&#8221; overlay_alpha=&#8221;50&#8243; shift_x=&#8221;0&#8243; shift_y=&#8221;0&#8243; shift_y_down=&#8221;0&#8243; z_index=&#8221;0&#8243; medium_width=&#8221;0&#8243; mobile_width=&#8221;0&#8243; width=&#8221;1\/1&#8243; uncode_shortcode_id=&#8221;958025&#8243;][vc_custom_heading heading_semantic=&#8221;h1&#8243; text_size=&#8221;h1&#8243; text_weight=&#8221;700&#8243; uncode_shortcode_id=&#8221;101572&#8243;]Edition 2017[\/vc_custom_heading][\/vc_column][\/vc_row][vc_row row_height_percent=&#8221;0&#8243; back_color=&#8221;color-xsdn&#8221; overlay_alpha=&#8221;50&#8243; gutter_size=&#8221;3&#8243; column_width_percent=&#8221;100&#8243; shift_y=&#8221;-5&#8243; z_index=&#8221;0&#8243; uncode_shortcode_id=&#8221;667739&#8243; back_color_type=&#8221;uncode-palette&#8221;][vc_column column_width_percent=&#8221;100&#8243; position_vertical=&#8221;middle&#8221; align_horizontal=&#8221;align_center&#8221; gutter_size=&#8221;3&#8243; back_color=&#8221;color-xsdn&#8221; overlay_alpha=&#8221;50&#8243; shift_x=&#8221;0&#8243; shift_y=&#8221;0&#8243; shift_y_down=&#8221;0&#8243; z_index=&#8221;0&#8243; medium_width=&#8221;0&#8243; mobile_width=&#8221;0&#8243; width=&#8221;1\/1&#8243; uncode_shortcode_id=&#8221;101359&#8243; back_color_type=&#8221;uncode-palette&#8221;][vc_custom_heading text_color=&#8221;color-jevc&#8221; heading_semantic=&#8221;h1&#8243; text_size=&#8221;h1&#8243; text_weight=&#8221;800&#8243; uncode_shortcode_id=&#8221;201243&#8243; text_color_type=&#8221;uncode-palette&#8221;]The Eternal Spring[\/vc_custom_heading][uncode_share layout=&#8221;multiple&#8221; bigger=&#8221;yes&#8221; no_back=&#8221;yes&#8221; el_class=&#8221;line-divider&#8221;][vc_row_inner limit_content=&#8221;&#8221;][vc_column_inner width=&#8221;1\/2&#8243;][vc_single_image media=&#8221;16699&#8243; media_lightbox=&#8221;yes&#8221; media_width_percent=&#8221;100&#8243; media_ratio=&#8221;one-one&#8221; uncode_shortcode_id=&#8221;955632&#8243;][\/vc_column_inner][vc_column_inner column_width_percent=&#8221;100&#8243; gutter_size=&#8221;0&#8243; overlay_alpha=&#8221;50&#8243; shift_x=&#8221;0&#8243; shift_y=&#8221;0&#8243; shift_y_down=&#8221;0&#8243; z_index=&#8221;0&#8243; medium_width=&#8221;0&#8243; mobile_width=&#8221;0&#8243; width=&#8221;1\/2&#8243; uncode_shortcode_id=&#8221;196584&#8243;][vc_column_text text_lead=&#8221;yes&#8221; text_color=&#8221;color-jevc&#8221; uncode_shortcode_id=&#8221;198507&#8243; text_color_type=&#8221;uncode-palette&#8221;]POSTER[\/vc_column_text][vc_custom_heading text_weight=&#8221;700&#8243; uncode_shortcode_id=&#8221;195985&#8243;]Peace and Love[\/vc_custom_heading][vc_empty_space empty_h=&#8221;1&#8243;][vc_column_text text_color=&#8221;color-jevc&#8221; uncode_shortcode_id=&#8221;567947&#8243; text_color_type=&#8221;uncode-palette&#8221;]&#8221;Peace and Love&#8221; was the motto for the work of Crist\u00f3bal Aguil\u00f3 Dom\u00ednguez, this professional of graphic design who has been linked to the world of communications since 1987. From Murcia he has presented different proposals to the Canarian festivities, and he already lists the First Prize for Poster at the 2015 Maspalomas Carnival and the poster for the 2016 Arrecife Carnival in his curriculum.<\/p>\n<p>His work shows a large crown which wraps around the main figures and which humorously and colourfully brings together all the allegory&#8217;s references: flowers, sea, portrayals of John Lennon and Yoko Ono, the rest of the members of the Beatles, the megafamous yellow submarine, Andy Warhol and his tin of Campbell&#8217;s soup, among others, all of this made in plasticine by the artist himself.[\/vc_column_text][\/vc_column_inner][\/vc_row_inner][vc_row_inner limit_content=&#8221;&#8221;][vc_column_inner width=&#8221;1\/2&#8243;][vc_single_image media=&#8221;16729&#8243; media_lightbox=&#8221;yes&#8221; media_width_percent=&#8221;100&#8243; media_ratio=&#8221;one-one&#8221; uncode_shortcode_id=&#8221;148060&#8243;][\/vc_column_inner][vc_column_inner column_width_percent=&#8221;100&#8243; gutter_size=&#8221;0&#8243; overlay_alpha=&#8221;50&#8243; shift_x=&#8221;0&#8243; shift_y=&#8221;0&#8243; shift_y_down=&#8221;0&#8243; z_index=&#8221;0&#8243; medium_width=&#8221;0&#8243; mobile_width=&#8221;0&#8243; width=&#8221;1\/2&#8243; uncode_shortcode_id=&#8221;196584&#8243;][vc_column_text text_lead=&#8221;yes&#8221; text_color=&#8221;color-jevc&#8221; uncode_shortcode_id=&#8221;114551&#8243; text_color_type=&#8221;uncode-palette&#8221;]Stage[\/vc_column_text][vc_empty_space empty_h=&#8221;1&#8243;][vc_column_text text_color=&#8221;color-jevc&#8221; uncode_shortcode_id=&#8221;101574&#8243; text_color_type=&#8221;uncode-palette&#8221;]The first Las Palmas de Gran Canaria Carnival stage to be chosen on the basis of a public ideas competition.<\/p>\n<p>The stage drank from the fountain of the 1960s, icons of the decade and mottoes such as &#8220;Flower Power&#8221; or &#8220;Peace and Love&#8221;, as well as the idea of the new man looking at the universe, meaning that a big planetarium occupied a position of prominence in the staged space.[\/vc_column_text][\/vc_column_inner][\/vc_row_inner][vc_row_inner limit_content=&#8221;&#8221;][vc_column_inner width=&#8221;1\/2&#8243;][vc_single_image media=&#8221;16744&#8243; media_lightbox=&#8221;yes&#8221; media_width_percent=&#8221;100&#8243; media_ratio=&#8221;one-one&#8221; uncode_shortcode_id=&#8221;926773&#8243;][\/vc_column_inner][vc_column_inner column_width_percent=&#8221;100&#8243; gutter_size=&#8221;0&#8243; overlay_alpha=&#8221;50&#8243; shift_x=&#8221;0&#8243; shift_y=&#8221;0&#8243; shift_y_down=&#8221;0&#8243; z_index=&#8221;0&#8243; medium_width=&#8221;0&#8243; mobile_width=&#8221;0&#8243; width=&#8221;1\/2&#8243; uncode_shortcode_id=&#8221;196584&#8243;][vc_column_text text_lead=&#8221;yes&#8221; text_color=&#8221;color-jevc&#8221; uncode_shortcode_id=&#8221;156355&#8243; text_color_type=&#8221;uncode-palette&#8221;]Proclaimer[\/vc_column_text][vc_custom_heading text_weight=&#8221;700&#8243; uncode_shortcode_id=&#8221;207174&#8243;]Rosana Arbelo (Lanzarote, 1963)[\/vc_custom_heading][vc_empty_space empty_h=&#8221;1&#8243;][vc_column_text text_color=&#8221;color-jevc&#8221; uncode_shortcode_id=&#8221;182061&#8243; text_color_type=&#8221;uncode-palette&#8221;]Rosana opened the Carnival dedicated to &#8220;La Eterna Primavera&#8221; (The Eternal Spring) on 10 February, with an opening proclamation followed by a concert in Santa Ana Square.<\/p>\n<p>Rosana Arbelo (b. Lanzarote, 1963) gave an opening proclamation that was sincere, spontaneous and affectionate, characteristics which are inherent in this performer who connects with her audience in a very special way.[\/vc_column_text][\/vc_column_inner][\/vc_row_inner][vc_row_inner limit_content=&#8221;&#8221;][vc_column_inner width=&#8221;1\/2&#8243;][vc_single_image media=&#8221;16749&#8243; media_lightbox=&#8221;yes&#8221; media_width_percent=&#8221;100&#8243; media_ratio=&#8221;one-one&#8221; uncode_shortcode_id=&#8221;260075&#8243;][\/vc_column_inner][vc_column_inner column_width_percent=&#8221;100&#8243; gutter_size=&#8221;0&#8243; overlay_alpha=&#8221;50&#8243; shift_x=&#8221;0&#8243; shift_y=&#8221;0&#8243; shift_y_down=&#8221;0&#8243; z_index=&#8221;0&#8243; medium_width=&#8221;0&#8243; mobile_width=&#8221;0&#8243; width=&#8221;1\/2&#8243; uncode_shortcode_id=&#8221;196584&#8243;][vc_column_text text_lead=&#8221;yes&#8221; text_color=&#8221;color-jevc&#8221; uncode_shortcode_id=&#8221;901561&#8243; text_color_type=&#8221;uncode-palette&#8221;]Carnival Queen[\/vc_column_text][vc_custom_heading text_weight=&#8221;700&#8243; uncode_shortcode_id=&#8221;149947&#8243;]Esther P\u00e9rez[\/vc_custom_heading][vc_empty_space empty_h=&#8221;1&#8243;][vc_column_text text_color=&#8221;color-jevc&#8221; uncode_shortcode_id=&#8221;987862&#8243; text_color_type=&#8221;uncode-palette&#8221;]Esther P\u00e9rez was the Queen of the Eternal Spring. The Hotel Santa Catalina &#8211; Grupo Juan Padr\u00f3n candidate was crowned monarch of the 2017 Las Palmas de Gran Canaria Carnival with her costume called &#8220;Grandiosa&#8221;, a design by Cristina Robledano and Pedro Quintero.[\/vc_column_text][\/vc_column_inner][\/vc_row_inner][vc_row_inner limit_content=&#8221;&#8221;][vc_column_inner width=&#8221;1\/2&#8243;][vc_single_image media=&#8221;16724&#8243; media_lightbox=&#8221;yes&#8221; media_width_percent=&#8221;100&#8243; media_ratio=&#8221;one-one&#8221; uncode_shortcode_id=&#8221;210428&#8243;][\/vc_column_inner][vc_column_inner column_width_percent=&#8221;100&#8243; gutter_size=&#8221;0&#8243; overlay_alpha=&#8221;50&#8243; shift_x=&#8221;0&#8243; shift_y=&#8221;0&#8243; shift_y_down=&#8221;0&#8243; z_index=&#8221;0&#8243; medium_width=&#8221;0&#8243; mobile_width=&#8221;0&#8243; width=&#8221;1\/2&#8243; uncode_shortcode_id=&#8221;196584&#8243;][vc_column_text text_lead=&#8221;yes&#8221; text_color=&#8221;color-jevc&#8221; uncode_shortcode_id=&#8221;212142&#8243; text_color_type=&#8221;uncode-palette&#8221;]Drag Queen[\/vc_column_text][vc_custom_heading text_weight=&#8221;700&#8243; uncode_shortcode_id=&#8221;160316&#8243;]Drag Sethlas, Borja Casillas[\/vc_custom_heading][vc_empty_space empty_h=&#8221;1&#8243;][vc_column_text text_color=&#8221;color-jevc&#8221; uncode_shortcode_id=&#8221;192019&#8243; text_color_type=&#8221;uncode-palette&#8221;]Drag Queen Sethlass&#8217; transition from Virgin Mary to Jesus Christ allowed him to take the prize for the 2017 Las Palmas de Gran Canaria Carnival Drag Queen. Borja Casillas went onto the Santa Catalina stage in ninth place in representation of Multi\u00f3pticas, with the design created by Nelson Rodr\u00edguez and the show &#8220;\u00a1Mi cielo! Yo no hago milagros, que sea lo que Dios quiera\u201d (My heaven! I Don&#8217;t Do Miracles, Whatever God Wills).[\/vc_column_text][\/vc_column_inner][\/vc_row_inner][vc_row_inner limit_content=&#8221;&#8221;][vc_column_inner width=&#8221;1\/2&#8243;][vc_single_image media=&#8221;16714&#8243; media_lightbox=&#8221;yes&#8221; media_width_percent=&#8221;100&#8243; media_ratio=&#8221;one-one&#8221; uncode_shortcode_id=&#8221;804217&#8243;][\/vc_column_inner][vc_column_inner column_width_percent=&#8221;100&#8243; gutter_size=&#8221;0&#8243; overlay_alpha=&#8221;50&#8243; shift_x=&#8221;0&#8243; shift_y=&#8221;0&#8243; shift_y_down=&#8221;0&#8243; z_index=&#8221;0&#8243; medium_width=&#8221;0&#8243; mobile_width=&#8221;0&#8243; width=&#8221;1\/2&#8243; uncode_shortcode_id=&#8221;196584&#8243;][vc_column_text text_lead=&#8221;yes&#8221; text_color=&#8221;color-jevc&#8221; uncode_shortcode_id=&#8221;128099&#8243; text_color_type=&#8221;uncode-palette&#8221;]Grand Dame[\/vc_column_text][vc_custom_heading text_weight=&#8221;700&#8243; uncode_shortcode_id=&#8221;119107&#8243;]Mary Hern\u00e1ndez Rodr\u00edguez[\/vc_custom_heading][vc_empty_space empty_h=&#8221;1&#8243;][vc_column_text text_color=&#8221;color-jevc&#8221; uncode_shortcode_id=&#8221;193255&#8243; text_color_type=&#8221;uncode-palette&#8221;]Mary Hern\u00e1ndez Rodr\u00edguez, presented by Disoft Inform\u00e1tica and Servicio T\u00e9cnico Gil, was named Grand Dame of the Eternal Spring Carnival on the night of Sunday 12 February.<\/p>\n<p>The candidate modelled the design \u201c\u00bfQu\u00e9 misterio habr\u00e1?\u201d (What mystery will there be?), the work of Juan Francisco S\u00e1nchez Padr\u00f3n and Melody S\u00e1nchez Guarda, with the collaboration of the Asociaci\u00f3n Santa Rita de Casia from Marzag\u00e1n.[\/vc_column_text][\/vc_column_inner][\/vc_row_inner][vc_row_inner limit_content=&#8221;&#8221;][vc_column_inner width=&#8221;1\/2&#8243;][vc_single_image media=&#8221;16754&#8243; media_lightbox=&#8221;yes&#8221; media_width_percent=&#8221;100&#8243; media_ratio=&#8221;one-one&#8221; uncode_shortcode_id=&#8221;178289&#8243;][\/vc_column_inner][vc_column_inner column_width_percent=&#8221;100&#8243; gutter_size=&#8221;0&#8243; overlay_alpha=&#8221;50&#8243; shift_x=&#8221;0&#8243; shift_y=&#8221;0&#8243; shift_y_down=&#8221;0&#8243; z_index=&#8221;0&#8243; medium_width=&#8221;0&#8243; mobile_width=&#8221;0&#8243; width=&#8221;1\/2&#8243; uncode_shortcode_id=&#8221;196584&#8243;][vc_column_text text_lead=&#8221;yes&#8221; text_color=&#8221;color-jevc&#8221; uncode_shortcode_id=&#8221;162432&#8243; text_color_type=&#8221;uncode-palette&#8221;]Junior Carnival Queen[\/vc_column_text][vc_custom_heading text_weight=&#8221;700&#8243; uncode_shortcode_id=&#8221;690744&#8243;]Paula de Castro Fern\u00e1ndez de la Puebla[\/vc_custom_heading][vc_empty_space empty_h=&#8221;1&#8243;][vc_column_text text_color=&#8221;color-jevc&#8221; uncode_shortcode_id=&#8221;162914&#8243; text_color_type=&#8221;uncode-palette&#8221;]Paula de Castro Fern\u00e1ndez de la Puebla, with a design by Jos\u00e9 Julio Armas Santana and the costume \u201cEstrella del Caribe\u201d (Star of The Caribbean), presented by Jos\u00e9 Halc\u00f3n Carrozas del Carnaval and Comparsa Lianceiros, was crowned Junior Queen of the Eternal Spring Carnival.[\/vc_column_text][\/vc_column_inner][\/vc_row_inner][vc_row_inner limit_content=&#8221;&#8221;][vc_column_inner width=&#8221;1\/2&#8243;][vc_single_image media=&#8221;16739&#8243; media_lightbox=&#8221;yes&#8221; media_width_percent=&#8221;100&#8243; media_ratio=&#8221;one-one&#8221; uncode_shortcode_id=&#8221;126455&#8243;][\/vc_column_inner][vc_column_inner column_width_percent=&#8221;100&#8243; gutter_size=&#8221;0&#8243; overlay_alpha=&#8221;50&#8243; shift_x=&#8221;0&#8243; shift_y=&#8221;0&#8243; shift_y_down=&#8221;0&#8243; z_index=&#8221;0&#8243; medium_width=&#8221;0&#8243; mobile_width=&#8221;0&#8243; width=&#8221;1\/2&#8243; uncode_shortcode_id=&#8221;196584&#8243;][vc_column_text text_lead=&#8221;yes&#8221; text_color=&#8221;color-jevc&#8221; uncode_shortcode_id=&#8221;179138&#8243; text_color_type=&#8221;uncode-palette&#8221;]Murga[\/vc_column_text][vc_custom_heading text_weight=&#8221;700&#8243; uncode_shortcode_id=&#8221;269195&#8243;]Los Nietos de SaryM\u00e1nchez[\/vc_custom_heading][vc_empty_space empty_h=&#8221;1&#8243;][vc_column_text text_color=&#8221;color-jevc&#8221; uncode_shortcode_id=&#8221;116794&#8243; text_color_type=&#8221;uncode-palette&#8221;]Los Nietos de SaryM\u00e1nchez took the First Prize for Performance in the Las Palmas de Gran Canaria Carnival Murga Contest, and the Critic\u00f3n Prize, for the song &#8220;El ministro de la verg\u00fcenza&#8221; (The Minister of Shame), prizes which confirm the evolution of this group originating from Telde, which has been climbing higher and higher since its first participation in the capital&#8217;s Carnival.<\/p>\n<p>It made its d\u00e9but in the 2013 Carnival, surprising the fans, judges and revellers with a brilliant performance which took them up on the podium with a third prize for performance. One year later, the group took the third prize for costume, and in 2015 it took the top prize every Murga performer is after: the First Prize for Performance.<\/p>\n<p>Los Serenquenquenes took the Second Prize for Performance, the prize for the best director: Javier Santana, and the Tom\u00e1s P\u00e9rez Prize for the song &#8220;Los envidiosos&#8221; (The Covetous), which are very special achievements, after a year without reaching the final in 2016. Los Twitty&#8217;s took the Third Prize for Performance.<\/p>\n<p>The prize for the best percussion was for Los Lega\u00f1osos, and the costume prizes were distributed in this way: First Prize for Costume for Las Crazy Trotas, a group which has won the first prize for this category without interruption since 2010; Second for Las Despistadas, and Third Prize for Las Kikirinietas.[\/vc_column_text][\/vc_column_inner][\/vc_row_inner][vc_row_inner limit_content=&#8221;&#8221;][vc_column_inner width=&#8221;1\/2&#8243;][vc_single_image media=&#8221;16704&#8243; media_lightbox=&#8221;yes&#8221; media_width_percent=&#8221;100&#8243; media_ratio=&#8221;one-one&#8221; uncode_shortcode_id=&#8221;133419&#8243;][\/vc_column_inner][vc_column_inner column_width_percent=&#8221;100&#8243; gutter_size=&#8221;0&#8243; overlay_alpha=&#8221;50&#8243; shift_x=&#8221;0&#8243; shift_y=&#8221;0&#8243; shift_y_down=&#8221;0&#8243; z_index=&#8221;0&#8243; medium_width=&#8221;0&#8243; mobile_width=&#8221;0&#8243; width=&#8221;1\/2&#8243; uncode_shortcode_id=&#8221;196584&#8243;][vc_column_text text_lead=&#8221;yes&#8221; text_color=&#8221;color-jevc&#8221; uncode_shortcode_id=&#8221;291560&#8243; text_color_type=&#8221;uncode-palette&#8221;]Comparsa[\/vc_column_text][vc_custom_heading text_weight=&#8221;700&#8243; uncode_shortcode_id=&#8221;133294&#8243;]Kisamba[\/vc_custom_heading][vc_empty_space empty_h=&#8221;1&#8243;][vc_column_text text_color=&#8221;color-jevc&#8221; uncode_shortcode_id=&#8221;198076&#8243; text_color_type=&#8221;uncode-palette&#8221;]The Comparsa from the Gran Canaria neighbourhood of Arenales, Kisamba, was the big winner, taking the First Prize for Costume, designed by Juan Fernando Henr\u00edquez, and the First First Prize for Performance, with choreography by Laura Torres and the costume &#8220;Deja que el sol brille&#8221; (Let The Sun Shine).[\/vc_column_text][\/vc_column_inner][\/vc_row_inner][vc_row_inner limit_content=&#8221;&#8221;][vc_column_inner width=&#8221;1\/2&#8243;][vc_single_image media=&#8221;16709&#8243; media_lightbox=&#8221;yes&#8221; media_width_percent=&#8221;100&#8243; media_ratio=&#8221;one-one&#8221; uncode_shortcode_id=&#8221;975685&#8243;][\/vc_column_inner][vc_column_inner column_width_percent=&#8221;100&#8243; gutter_size=&#8221;0&#8243; overlay_alpha=&#8221;50&#8243; shift_x=&#8221;0&#8243; shift_y=&#8221;0&#8243; shift_y_down=&#8221;0&#8243; z_index=&#8221;0&#8243; medium_width=&#8221;0&#8243; mobile_width=&#8221;0&#8243; width=&#8221;1\/2&#8243; uncode_shortcode_id=&#8221;196584&#8243;][vc_column_text text_lead=&#8221;yes&#8221; text_color=&#8221;color-jevc&#8221; uncode_shortcode_id=&#8221;165064&#8243; text_color_type=&#8221;uncode-palette&#8221;]Junior Comparsa[\/vc_column_text][vc_custom_heading text_weight=&#8221;700&#8243; uncode_shortcode_id=&#8221;750820&#8243;]Lianceiros Junior[\/vc_custom_heading][vc_empty_space empty_h=&#8221;1&#8243;][vc_column_text text_color=&#8221;color-jevc&#8221; uncode_shortcode_id=&#8221;291683&#8243; text_color_type=&#8221;uncode-palette&#8221;]In 2016 they just missed getting it and in 2017 they&#8217;ve managed it. The 35 boys and girls from Lianceiros Junior took home the First Prize for Performance from the Las Palmas de Gran Canaria Carnival Junior Comparsa Contest. The group from the Jin\u00e1mar neighbourhood presented the show &#8220;\u00a1Baila para m\u00ed, que yo bailar\u00e9 por ti!&#8221; (Dance for Me, and I&#8217;ll Dance for You), a choreography created by Samuel Rodr\u00edguez. In addition, her costume &#8220;Mirando al horizonte, estrellita del Caribe&#8221; (Looking at The Horizon, Little Star of The Caribbean), by Jos\u00e9 Julio Armas took the 2nd Prize for Costume.<\/p>\n<p>The First Prize for Costume went to the Comparsa Estilo Junior, which took part with the design &#8220;Estilo Junior Returns Full of Peace and Love&#8221;, made by Luc\u00eda Tav\u00edo and Rosario Quintana.[\/vc_column_text][\/vc_column_inner][\/vc_row_inner][vc_row_inner limit_content=&#8221;&#8221;][vc_column_inner width=&#8221;1\/2&#8243;][vc_single_image media=&#8221;16734&#8243; media_lightbox=&#8221;yes&#8221; media_width_percent=&#8221;100&#8243; media_ratio=&#8221;one-one&#8221; uncode_shortcode_id=&#8221;146103&#8243;][\/vc_column_inner][vc_column_inner column_width_percent=&#8221;100&#8243; gutter_size=&#8221;0&#8243; overlay_alpha=&#8221;50&#8243; shift_x=&#8221;0&#8243; shift_y=&#8221;0&#8243; shift_y_down=&#8221;0&#8243; z_index=&#8221;0&#8243; medium_width=&#8221;0&#8243; mobile_width=&#8221;0&#8243; width=&#8221;1\/2&#8243; uncode_shortcode_id=&#8221;196584&#8243;][vc_column_text text_lead=&#8221;yes&#8221; text_color=&#8221;color-jevc&#8221; uncode_shortcode_id=&#8221;697455&#8243; text_color_type=&#8221;uncode-palette&#8221;]Body Painting Contest[\/vc_column_text][vc_custom_heading text_weight=&#8221;700&#8243; uncode_shortcode_id=&#8221;184523&#8243;]Nauzet Afonso[\/vc_custom_heading][vc_empty_space empty_h=&#8221;1&#8243;][vc_column_text text_color=&#8221;color-jevc&#8221; uncode_shortcode_id=&#8221;366767&#8243; text_color_type=&#8221;uncode-palette&#8221;]The work of the make-up artist and designer Nauzet Afonso, shown off by the model Sergio P\u00e9rez Rodr\u00edguez, has won the First Prize in the Las Palmas de Gran Canaria Carnival Contest for Body Painting. Beautik and Kryolan Canarias have sponsored the costume &#8220;Pluscuamperfecto&#8221; (Past Perfect) the winner of the contest.<\/p>\n<p>The creativity of Nauzet Afonso, a designer who has confided in these festivities in recent years, presenting work in the Carnival&#8217;s different galas, takes a new prize back to his display cabinet in 2017, since his candidate for Carnival Queen, presented by La Provincia and McDonalds, took the title of Fourth Maid of Honour with the costume &#8220;Cien a\u00f1os para agradecerlo&#8221; (100 Years to Say Thank You for It).[\/vc_column_text][\/vc_column_inner][\/vc_row_inner][vc_row_inner limit_content=&#8221;&#8221;][vc_column_inner width=&#8221;1\/2&#8243;][vc_single_image media=&#8221;16719&#8243; media_lightbox=&#8221;yes&#8221; media_width_percent=&#8221;100&#8243; media_ratio=&#8221;one-one&#8221; uncode_shortcode_id=&#8221;191146&#8243;][\/vc_column_inner][vc_column_inner column_width_percent=&#8221;100&#8243; gutter_size=&#8221;0&#8243; overlay_alpha=&#8221;50&#8243; shift_x=&#8221;0&#8243; shift_y=&#8221;0&#8243; shift_y_down=&#8221;0&#8243; z_index=&#8221;0&#8243; medium_width=&#8221;0&#8243; mobile_width=&#8221;0&#8243; width=&#8221;1\/2&#8243; uncode_shortcode_id=&#8221;196584&#8243;][vc_column_text text_lead=&#8221;yes&#8221; text_color=&#8221;color-jevc&#8221; uncode_shortcode_id=&#8221;166170&#8243; text_color_type=&#8221;uncode-palette&#8221;]Costume Contest[\/vc_column_text][vc_custom_heading text_weight=&#8221;700&#8243; uncode_shortcode_id=&#8221;209792&#8243;]\u201cJaguar-Ll\u00fa Spring\u201d by Miguel \u00c1ngel Medina P\u00e9rez[\/vc_custom_heading][vc_empty_space empty_h=&#8221;1&#8243;][vc_column_text text_color=&#8221;color-jevc&#8221; uncode_shortcode_id=&#8221;135784&#8243; text_color_type=&#8221;uncode-palette&#8221;]The costume &#8220;Jaguar-Ll\u00fa primavera&#8221; (Jaguar-Ll\u00fa Spring) by Miguel \u00c1ngel Medina P\u00e9rez, was the best costume in the individual contest.<\/p>\n<p>Presented by Estaci\u00f3n Cepsa El Cubillo, the winner collected the prize thanks to a design he made himself, along with Carlos Hern\u00e1ndez Giz\u00f3n. Las Chiara Girls, were the winners of the contest in the group category with the costume &#8220;Entre flores y motos montan el alboroto&#8221; (They Cause a Ruckus among Flowers and Motorbikes.)<\/p>\n<p>Presented by Peluquer\u00eda Aire Joven and Centro de Est\u00e9tica M\u00f3nica Rivero, they won the prize with a design by Dulce Ortega Hern\u00e1ndez.[\/vc_column_text][\/vc_column_inner][\/vc_row_inner][vc_row_inner limit_content=&#8221;&#8221;][vc_column_inner width=&#8221;1\/2&#8243;][vc_single_image media=&#8221;16694&#8243; media_lightbox=&#8221;yes&#8221; media_width_percent=&#8221;100&#8243; uncode_shortcode_id=&#8221;184374&#8243;][\/vc_column_inner][vc_column_inner column_width_percent=&#8221;100&#8243; gutter_size=&#8221;0&#8243; overlay_alpha=&#8221;50&#8243; shift_x=&#8221;0&#8243; shift_y=&#8221;0&#8243; shift_y_down=&#8221;0&#8243; z_index=&#8221;0&#8243; medium_width=&#8221;0&#8243; mobile_width=&#8221;0&#8243; width=&#8221;1\/2&#8243; uncode_shortcode_id=&#8221;196584&#8243;][vc_column_text text_lead=&#8221;yes&#8221; text_color=&#8221;color-jevc&#8221; uncode_shortcode_id=&#8221;152785&#8243; text_color_type=&#8221;uncode-palette&#8221;]Dog Carnival[\/vc_column_text][vc_custom_heading text_weight=&#8221;700&#8243; uncode_shortcode_id=&#8221;133139&#8243;]The Two Flowers from My Garden[\/vc_custom_heading][vc_empty_space empty_h=&#8221;1&#8243;][vc_column_text text_color=&#8221;color-jevc&#8221; uncode_shortcode_id=&#8221;198280&#8243; text_color_type=&#8221;uncode-palette&#8221;]They arrived as \u201cLas dos flores de mi jard\u00edn\u201d (The Two Flowers from My Garden) and they took the Eternal Spring prize. Manolito and Lupita the chihuahuas, dressed and led by Julieta Villareal, took the First Prize for the Dogs&#8217; Carnival, held on the first day of the Santa Catalina Daytime Carnival.[\/vc_column_text][\/vc_column_inner][\/vc_row_inner][\/vc_column][\/vc_row]<\/p>\n<\/div>","protected":false},"excerpt":{"rendered":"<p>The Eternal Spring<\/p>\n","protected":false},"author":1,"featured_media":16700,"parent":19752,"menu_order":0,"comment_status":"closed","ping_status":"closed","template":"","meta":{"_acf_changed":false,"footnotes":""},"class_list":["post-19673","page","type-page","status-publish","has-post-thumbnail","hentry"],"acf":[],"_links":{"self":[{"href":"https:\/\/lpacarnaval.com\/en\/wp-json\/wp\/v2\/pages\/19673","targetHints":{"allow":["GET"]}}],"collection":[{"href":"https:\/\/lpacarnaval.com\/en\/wp-json\/wp\/v2\/pages"}],"about":[{"href":"https:\/\/lpacarnaval.com\/en\/wp-json\/wp\/v2\/types\/page"}],"author":[{"embeddable":true,"href":"https:\/\/lpacarnaval.com\/en\/wp-json\/wp\/v2\/users\/1"}],"replies":[{"embeddable":true,"href":"https:\/\/lpacarnaval.com\/en\/wp-json\/wp\/v2\/comments?post=19673"}],"version-history":[{"count":25,"href":"https:\/\/lpacarnaval.com\/en\/wp-json\/wp\/v2\/pages\/19673\/revisions"}],"predecessor-version":[{"id":21243,"href":"https:\/\/lpacarnaval.com\/en\/wp-json\/wp\/v2\/pages\/19673\/revisions\/21243"}],"up":[{"embeddable":true,"href":"https:\/\/lpacarnaval.com\/en\/wp-json\/wp\/v2\/pages\/19752"}],"wp:featuredmedia":[{"embeddable":true,"href":"https:\/\/lpacarnaval.com\/en\/wp-json\/wp\/v2\/media\/16700"}],"wp:attachment":[{"href":"https:\/\/lpacarnaval.com\/en\/wp-json\/wp\/v2\/media?parent=19673"}],"curies":[{"name":"wp","href":"https:\/\/api.w.org\/{rel}","templated":true}]}}