{"id":19667,"date":"2024-01-16T08:00:10","date_gmt":"2024-01-16T08:00:10","guid":{"rendered":"https:\/\/lpacarnaval.com\/edition-2015\/"},"modified":"2024-12-17T10:35:21","modified_gmt":"2024-12-17T10:35:21","slug":"edition-2015","status":"publish","type":"page","link":"https:\/\/lpacarnaval.com\/en\/editions\/edition-2015\/","title":{"rendered":"Edition 2015"},"content":{"rendered":"<div class=\"wpb-content-wrapper\"><p>[vc_row row_height_percent=&#8221;0&#8243; back_color=&#8221;color-gyho&#8221; back_image=&#8221;20282&#8243; back_image_auto=&#8221;yes&#8221; overlay_color=&#8221;color-jevc&#8221; overlay_alpha=&#8221;45&#8243; gutter_size=&#8221;3&#8243; column_width_percent=&#8221;100&#8243; shift_y=&#8221;0&#8243; z_index=&#8221;0&#8243; uncode_shortcode_id=&#8221;150897&#8243; css=&#8221;.vc_custom_1722524059431{padding-top: 150px !important;padding-bottom: 50px !important;}&#8221; back_color_type=&#8221;uncode-palette&#8221; overlay_color_type=&#8221;uncode-palette&#8221;][vc_column column_width_percent=&#8221;100&#8243; position_vertical=&#8221;middle&#8221; align_horizontal=&#8221;align_center&#8221; gutter_size=&#8221;3&#8243; override_padding=&#8221;yes&#8221; column_padding=&#8221;5&#8243; style=&#8221;dark&#8221; overlay_alpha=&#8221;50&#8243; shift_x=&#8221;0&#8243; shift_y=&#8221;0&#8243; shift_y_down=&#8221;0&#8243; z_index=&#8221;0&#8243; medium_width=&#8221;0&#8243; mobile_width=&#8221;0&#8243; width=&#8221;1\/1&#8243; uncode_shortcode_id=&#8221;958025&#8243;][vc_custom_heading heading_semantic=&#8221;h1&#8243; text_size=&#8221;h1&#8243; text_weight=&#8221;700&#8243; uncode_shortcode_id=&#8221;132156&#8243;]Edition 2015[\/vc_custom_heading][\/vc_column][\/vc_row][vc_row row_height_percent=&#8221;0&#8243; back_color=&#8221;color-xsdn&#8221; overlay_alpha=&#8221;50&#8243; gutter_size=&#8221;3&#8243; column_width_percent=&#8221;100&#8243; shift_y=&#8221;-5&#8243; z_index=&#8221;0&#8243; uncode_shortcode_id=&#8221;667739&#8243; back_color_type=&#8221;uncode-palette&#8221;][vc_column column_width_percent=&#8221;100&#8243; position_vertical=&#8221;middle&#8221; align_horizontal=&#8221;align_center&#8221; gutter_size=&#8221;3&#8243; back_color=&#8221;color-xsdn&#8221; overlay_alpha=&#8221;50&#8243; shift_x=&#8221;0&#8243; shift_y=&#8221;0&#8243; shift_y_down=&#8221;0&#8243; z_index=&#8221;0&#8243; medium_width=&#8221;0&#8243; mobile_width=&#8221;0&#8243; width=&#8221;1\/1&#8243; uncode_shortcode_id=&#8221;101359&#8243; back_color_type=&#8221;uncode-palette&#8221;][vc_custom_heading text_color=&#8221;color-jevc&#8221; heading_semantic=&#8221;h1&#8243; text_size=&#8221;h1&#8243; text_weight=&#8221;800&#8243; uncode_shortcode_id=&#8221;709359&#8243; text_color_type=&#8221;uncode-palette&#8221;]1001 Nights Carnival[\/vc_custom_heading][uncode_share layout=&#8221;multiple&#8221; bigger=&#8221;yes&#8221; no_back=&#8221;yes&#8221; el_class=&#8221;line-divider&#8221;][vc_row_inner row_inner_height_percent=&#8221;0&#8243; overlay_alpha=&#8221;50&#8243; gutter_size=&#8221;3&#8243; shift_y=&#8221;0&#8243; z_index=&#8221;0&#8243; uncode_shortcode_id=&#8221;169528&#8243; css=&#8221;.vc_custom_1703065392887{margin-top: 0px !important;margin-bottom: 100px !important;}&#8221; limit_content=&#8221;&#8221;][vc_column_inner column_width_percent=&#8221;100&#8243; gutter_size=&#8221;3&#8243; overlay_alpha=&#8221;50&#8243; shift_x=&#8221;0&#8243; shift_y=&#8221;0&#8243; shift_y_down=&#8221;0&#8243; z_index=&#8221;0&#8243; medium_width=&#8221;0&#8243; mobile_width=&#8221;0&#8243; width=&#8221;1\/1&#8243; uncode_shortcode_id=&#8221;158895&#8243; css=&#8221;.vc_custom_1702457127144{padding-top: 0px !important;}&#8221;][vc_column_text text_lead=&#8221;yes&#8221; text_color=&#8221;color-jevc&#8221; uncode_shortcode_id=&#8221;121019&#8243; text_color_type=&#8221;uncode-palette&#8221;]The 2015 Las Palmas de Gran Canaria Carnival drank from the fountain of the literary work 1001 Nights. The poster, the costumes and the staging took inspiration from tales such as Ali Baba and the 40 thieves, Simbad the Sailor, Aladdin and his Magic Lamp, and many other of the tales with which Scheherazade delighted the Sultan for 1001 nights.[\/vc_column_text][\/vc_column_inner][\/vc_row_inner][vc_row_inner limit_content=&#8221;&#8221;][vc_column_inner width=&#8221;1\/2&#8243;][vc_single_image media=&#8221;16848&#8243; media_lightbox=&#8221;yes&#8221; media_width_percent=&#8221;100&#8243; media_ratio=&#8221;one-one&#8221; uncode_shortcode_id=&#8221;147628&#8243;][\/vc_column_inner][vc_column_inner column_width_percent=&#8221;100&#8243; gutter_size=&#8221;0&#8243; overlay_alpha=&#8221;50&#8243; shift_x=&#8221;0&#8243; shift_y=&#8221;0&#8243; shift_y_down=&#8221;0&#8243; z_index=&#8221;0&#8243; medium_width=&#8221;0&#8243; mobile_width=&#8221;0&#8243; width=&#8221;1\/2&#8243; uncode_shortcode_id=&#8221;196584&#8243;][vc_column_text text_lead=&#8221;yes&#8221; text_color=&#8221;color-jevc&#8221; uncode_shortcode_id=&#8221;198507&#8243; text_color_type=&#8221;uncode-palette&#8221;]POSTER[\/vc_column_text][vc_custom_heading text_weight=&#8221;700&#8243; uncode_shortcode_id=&#8221;226957&#8243;]Jorge Leal[\/vc_custom_heading][vc_empty_space empty_h=&#8221;1&#8243;][vc_column_text text_color=&#8221;color-jevc&#8221; uncode_shortcode_id=&#8221;140952&#8243; text_color_type=&#8221;uncode-palette&#8221;]The 1001 Nights Carnival had a poster made up of multiple elements which evoked that year&#8217;s allegory, among which one of the most noticeable was an inflatable mattress doubling as a flying carpet.[\/vc_column_text][\/vc_column_inner][\/vc_row_inner][vc_row_inner limit_content=&#8221;&#8221;][vc_column_inner width=&#8221;1\/2&#8243;][vc_single_image media=&#8221;16878&#8243; media_lightbox=&#8221;yes&#8221; media_width_percent=&#8221;100&#8243; media_ratio=&#8221;one-one&#8221; uncode_shortcode_id=&#8221;578445&#8243;][\/vc_column_inner][vc_column_inner column_width_percent=&#8221;100&#8243; gutter_size=&#8221;0&#8243; overlay_alpha=&#8221;50&#8243; shift_x=&#8221;0&#8243; shift_y=&#8221;0&#8243; shift_y_down=&#8221;0&#8243; z_index=&#8221;0&#8243; medium_width=&#8221;0&#8243; mobile_width=&#8221;0&#8243; width=&#8221;1\/2&#8243; uncode_shortcode_id=&#8221;196584&#8243;][vc_column_text text_lead=&#8221;yes&#8221; text_color=&#8221;color-jevc&#8221; uncode_shortcode_id=&#8221;114551&#8243; text_color_type=&#8221;uncode-palette&#8221;]Stage[\/vc_column_text][vc_custom_heading text_weight=&#8221;700&#8243; uncode_shortcode_id=&#8221;560936&#8243;]Alberto Trujillo[\/vc_custom_heading][vc_empty_space empty_h=&#8221;1&#8243;][vc_column_text text_color=&#8221;color-jevc&#8221; uncode_shortcode_id=&#8221;245330&#8243; text_color_type=&#8221;uncode-palette&#8221;]The 2015 LPGC Carnival stage recreated a great oriental palace, in symphony with the 1001 Nights allegory, to welcome the festivities&#8217; galas and contests. The design played with bright colours. Gold predominated, as a symbol of power, luxury and ostentation.<br \/>\n[\/vc_column_text][\/vc_column_inner][\/vc_row_inner][vc_row_inner limit_content=&#8221;&#8221;][vc_column_inner width=&#8221;1\/2&#8243;][vc_single_image media=&#8221;16893&#8243; media_lightbox=&#8221;yes&#8221; media_width_percent=&#8221;100&#8243; media_ratio=&#8221;one-one&#8221; uncode_shortcode_id=&#8221;393391&#8243;][\/vc_column_inner][vc_column_inner column_width_percent=&#8221;100&#8243; gutter_size=&#8221;0&#8243; overlay_alpha=&#8221;50&#8243; shift_x=&#8221;0&#8243; shift_y=&#8221;0&#8243; shift_y_down=&#8221;0&#8243; z_index=&#8221;0&#8243; medium_width=&#8221;0&#8243; mobile_width=&#8221;0&#8243; width=&#8221;1\/2&#8243; uncode_shortcode_id=&#8221;196584&#8243;][vc_column_text text_lead=&#8221;yes&#8221; text_color=&#8221;color-jevc&#8221; uncode_shortcode_id=&#8221;156355&#8243; text_color_type=&#8221;uncode-palette&#8221;]Proclaimer[\/vc_column_text][vc_custom_heading text_weight=&#8221;700&#8243; uncode_shortcode_id=&#8221;152372&#8243;]Tito Rosales, director of Los Chancletas[\/vc_custom_heading][vc_empty_space empty_h=&#8221;1&#8243;][vc_column_text text_color=&#8221;color-jevc&#8221; uncode_shortcode_id=&#8221;434094&#8243; text_color_type=&#8221;uncode-palette&#8221;]>The director of the Afilarm\u00f3nica Murga, Los Chancletas, Tito Rosales, was in charge of opening the carnival celebrations. The Rosales candidacy paid homage to a life dedicated to the world of Carnival. The director of Los Chancletas has spent 33 years linked to the Murga world, since he founded, along with his brothers, the Los Desperdicios Murga, in La Rehoyas. In 2015, Los Chancletas celebrated their 25th anniversary.[\/vc_column_text][\/vc_column_inner][\/vc_row_inner][vc_row_inner limit_content=&#8221;&#8221;][vc_column_inner width=&#8221;1\/2&#8243;][vc_single_image media=&#8221;16898&#8243; media_lightbox=&#8221;yes&#8221; media_width_percent=&#8221;100&#8243; media_ratio=&#8221;one-one&#8221; uncode_shortcode_id=&#8221;550333&#8243;][\/vc_column_inner][vc_column_inner column_width_percent=&#8221;100&#8243; gutter_size=&#8221;0&#8243; overlay_alpha=&#8221;50&#8243; shift_x=&#8221;0&#8243; shift_y=&#8221;0&#8243; shift_y_down=&#8221;0&#8243; z_index=&#8221;0&#8243; medium_width=&#8221;0&#8243; mobile_width=&#8221;0&#8243; width=&#8221;1\/2&#8243; uncode_shortcode_id=&#8221;196584&#8243;][vc_column_text text_lead=&#8221;yes&#8221; text_color=&#8221;color-jevc&#8221; uncode_shortcode_id=&#8221;901561&#8243; text_color_type=&#8221;uncode-palette&#8221;]Carnival Queen[\/vc_column_text][vc_custom_heading text_weight=&#8221;700&#8243; uncode_shortcode_id=&#8221;487453&#8243;]Ar\u00e1nzazu Estevez[\/vc_custom_heading][vc_empty_space empty_h=&#8221;1&#8243;][vc_column_text text_color=&#8221;color-jevc&#8221; uncode_shortcode_id=&#8221;249856&#8243; text_color_type=&#8221;uncode-palette&#8221;]Aranzazu Est\u00e9vez, the candidate who went out on stage in representation of Centro Comercial Alcampo Telde, took the crown and sceptre of the festivities&#8217; reigning monarch. The three juries, made up of specialists, the press, and guests, along with the general public&#8217;s vote, coincided in awarding the title of Las Palmas de Gran Canaria Carnival Queen to the candidate modelling the design entitled <em><strong>\u201cLa princesa de las mil rosas\u201d <\/strong><\/em>(The Princess of The 1000 Roses), from the winner of multiple prizes, Fernando M\u00e9ndez.[\/vc_column_text][\/vc_column_inner][\/vc_row_inner][vc_row_inner limit_content=&#8221;&#8221;][vc_column_inner width=&#8221;1\/2&#8243;][vc_single_image media=&#8221;16873&#8243; media_lightbox=&#8221;yes&#8221; media_width_percent=&#8221;100&#8243; media_ratio=&#8221;one-one&#8221; uncode_shortcode_id=&#8221;102528&#8243;][\/vc_column_inner][vc_column_inner column_width_percent=&#8221;100&#8243; gutter_size=&#8221;0&#8243; overlay_alpha=&#8221;50&#8243; shift_x=&#8221;0&#8243; shift_y=&#8221;0&#8243; shift_y_down=&#8221;0&#8243; z_index=&#8221;0&#8243; medium_width=&#8221;0&#8243; mobile_width=&#8221;0&#8243; width=&#8221;1\/2&#8243; uncode_shortcode_id=&#8221;196584&#8243;][vc_column_text text_lead=&#8221;yes&#8221; text_color=&#8221;color-jevc&#8221; uncode_shortcode_id=&#8221;212142&#8243; text_color_type=&#8221;uncode-palette&#8221;]Drag Queen[\/vc_column_text][vc_custom_heading text_weight=&#8221;700&#8243; uncode_shortcode_id=&#8221;799619&#8243;]DRAG VALKIRIA, Nelson Rodr\u00edguez Moreno[\/vc_custom_heading][vc_empty_space empty_h=&#8221;1&#8243;][vc_column_text text_color=&#8221;color-jevc&#8221; uncode_shortcode_id=&#8221;128673&#8243; text_color_type=&#8221;uncode-palette&#8221;]With a design from Rafael D\u00e9niz and Rosa Montesdeoca, and a show entitles <em><strong>&#8220;El pacto de Mefist\u00f3feles\u201d<\/strong><\/em> (Mephistopheles&#8217; Pact), sponsored by Guaguas Gumidafe, Nelson Rodr\u00edguez Moreno won the 1001 Nights Carnival Drag Queen sash. This was the fifth time that Valkiria took part as a Drag Artist in the festivities and the fourth time he went through to the final.[\/vc_column_text][\/vc_column_inner][\/vc_row_inner][vc_row_inner limit_content=&#8221;&#8221;][vc_column_inner width=&#8221;1\/2&#8243;][vc_single_image media=&#8221;16863&#8243; media_lightbox=&#8221;yes&#8221; media_width_percent=&#8221;100&#8243; media_ratio=&#8221;one-one&#8221; uncode_shortcode_id=&#8221;166126&#8243;][\/vc_column_inner][vc_column_inner column_width_percent=&#8221;100&#8243; gutter_size=&#8221;0&#8243; overlay_alpha=&#8221;50&#8243; shift_x=&#8221;0&#8243; shift_y=&#8221;0&#8243; shift_y_down=&#8221;0&#8243; z_index=&#8221;0&#8243; medium_width=&#8221;0&#8243; mobile_width=&#8221;0&#8243; width=&#8221;1\/2&#8243; uncode_shortcode_id=&#8221;196584&#8243;][vc_column_text text_lead=&#8221;yes&#8221; text_color=&#8221;color-jevc&#8221; uncode_shortcode_id=&#8221;128099&#8243; text_color_type=&#8221;uncode-palette&#8221;]Grand Dame[\/vc_column_text][vc_custom_heading text_weight=&#8221;700&#8243; uncode_shortcode_id=&#8221;162197&#8243;]Leonor Morera[\/vc_custom_heading][vc_empty_space empty_h=&#8221;1&#8243;][vc_column_text text_color=&#8221;color-jevc&#8221; uncode_shortcode_id=&#8221;939024&#8243; text_color_type=&#8221;uncode-palette&#8221;]Mar\u00eda Leonor Morera Santana collected the title of 1001 Carnival Grand Dame. The design she wore on the stage of the Santa Catalina Park, <em><strong>&#8220;Madame Butterfly&#8221;<\/strong><\/em>, sponsored by Centro Comercial El Muelle and the Asociaci\u00f3n de empresarios Puerto \u2013 Canteras, was created by the designer Willie D\u00edaz, who ratified this prize for the third year running.[\/vc_column_text][\/vc_column_inner][\/vc_row_inner][vc_row_inner limit_content=&#8221;&#8221;][vc_column_inner width=&#8221;1\/2&#8243;][vc_single_image media=&#8221;16903&#8243; media_lightbox=&#8221;yes&#8221; media_width_percent=&#8221;100&#8243; media_ratio=&#8221;one-one&#8221; uncode_shortcode_id=&#8221;124494&#8243;][\/vc_column_inner][vc_column_inner column_width_percent=&#8221;100&#8243; gutter_size=&#8221;0&#8243; overlay_alpha=&#8221;50&#8243; shift_x=&#8221;0&#8243; shift_y=&#8221;0&#8243; shift_y_down=&#8221;0&#8243; z_index=&#8221;0&#8243; medium_width=&#8221;0&#8243; mobile_width=&#8221;0&#8243; width=&#8221;1\/2&#8243; uncode_shortcode_id=&#8221;196584&#8243;][vc_column_text text_lead=&#8221;yes&#8221; text_color=&#8221;color-jevc&#8221; uncode_shortcode_id=&#8221;162432&#8243; text_color_type=&#8221;uncode-palette&#8221;]Junior Carnival Queen[\/vc_column_text][vc_custom_heading text_weight=&#8221;700&#8243; uncode_shortcode_id=&#8221;996480&#8243;]Alejandra Garc\u00eda Sarmiento[\/vc_custom_heading][vc_empty_space empty_h=&#8221;1&#8243;][vc_column_text text_color=&#8221;color-jevc&#8221; uncode_shortcode_id=&#8221;569219&#8243; text_color_type=&#8221;uncode-palette&#8221;]Alejandra Garc\u00eda Sarmiento, the young girl who took part with the costume <em><strong>\u201cP\u00edo, p\u00edo, p\u00edo, mi Carnaval es mejor que el de R\u00edo\u201d<\/strong><\/em> (Cheep Cheep, My Carnival is Better than The Rio Carnival), was chosen Las Palmas de Gran Canaria Carnival Junior Queen. The company Nettronica, Servicios Inform\u00e1ticos and Monta2 Caf\u00e9 have sponsored this imaginative creation from the designer Zoilo Alejandro Garc\u00eda Hern\u00e1ndez.[\/vc_column_text][\/vc_column_inner][\/vc_row_inner][vc_row_inner limit_content=&#8221;&#8221;][vc_column_inner width=&#8221;1\/2&#8243;][vc_single_image media=&#8221;16888&#8243; media_lightbox=&#8221;yes&#8221; media_width_percent=&#8221;100&#8243; media_ratio=&#8221;one-one&#8221; uncode_shortcode_id=&#8221;162432&#8243;][\/vc_column_inner][vc_column_inner column_width_percent=&#8221;100&#8243; gutter_size=&#8221;0&#8243; overlay_alpha=&#8221;50&#8243; shift_x=&#8221;0&#8243; shift_y=&#8221;0&#8243; shift_y_down=&#8221;0&#8243; z_index=&#8221;0&#8243; medium_width=&#8221;0&#8243; mobile_width=&#8221;0&#8243; width=&#8221;1\/2&#8243; uncode_shortcode_id=&#8221;196584&#8243;][vc_column_text text_lead=&#8221;yes&#8221; text_color=&#8221;color-jevc&#8221; uncode_shortcode_id=&#8221;179138&#8243; text_color_type=&#8221;uncode-palette&#8221;]Murga[\/vc_column_text][vc_custom_heading text_weight=&#8221;700&#8243; uncode_shortcode_id=&#8221;177526&#8243;]Los nietos de SaryM\u00e1nchez[\/vc_custom_heading][vc_empty_space empty_h=&#8221;1&#8243;][vc_column_text text_color=&#8221;color-jevc&#8221; uncode_shortcode_id=&#8221;190024&#8243; text_color_type=&#8221;uncode-palette&#8221;]<strong>Los Nietos de SaryM\u00e1nchez<\/strong> won the First Prize for Performance for the 2015 Carnival Murgas Contest, along with the <strong>Tom\u00e1s P\u00e9rez Prize<\/strong> for Best Lyrics for the song \u201cResac\u00f3n en la Vega de San Mateo\u201d (Hangover in Vega de San Mateo). The Murga from the town of Telde, established in 2012 and comprising 73 members, took the title which allowed it to take part in the Las Palmas de Gran Canaria Gala Queen Carnival.[\/vc_column_text][\/vc_column_inner][\/vc_row_inner][vc_row_inner limit_content=&#8221;&#8221;][vc_column_inner width=&#8221;1\/2&#8243;][vc_single_image media=&#8221;16853&#8243; media_lightbox=&#8221;yes&#8221; media_width_percent=&#8221;100&#8243; media_ratio=&#8221;one-one&#8221; uncode_shortcode_id=&#8221;164364&#8243;][\/vc_column_inner][vc_column_inner column_width_percent=&#8221;100&#8243; gutter_size=&#8221;0&#8243; overlay_alpha=&#8221;50&#8243; shift_x=&#8221;0&#8243; shift_y=&#8221;0&#8243; shift_y_down=&#8221;0&#8243; z_index=&#8221;0&#8243; medium_width=&#8221;0&#8243; mobile_width=&#8221;0&#8243; width=&#8221;1\/2&#8243; uncode_shortcode_id=&#8221;196584&#8243;][vc_column_text text_lead=&#8221;yes&#8221; text_color=&#8221;color-jevc&#8221; uncode_shortcode_id=&#8221;291560&#8243; text_color_type=&#8221;uncode-palette&#8221;]Comparsa[\/vc_column_text][vc_custom_heading text_weight=&#8221;700&#8243; uncode_shortcode_id=&#8221;739198&#8243;]Araguim\u00e9[\/vc_custom_heading][vc_empty_space empty_h=&#8221;1&#8243;][vc_column_text text_color=&#8221;color-jevc&#8221; uncode_shortcode_id=&#8221;149695&#8243; text_color_type=&#8221;uncode-palette&#8221;]Arag\u00fcim\u00e9 ratified the prizes for performance and costume for the Las Palmas de Gran Canaria Carnival Comparsas Contest.<br \/>\nThe Lagarteros (from the town of Ag\u00fcim\u00e9) challenged their rivals with a show entitled &#8220;A ritmo de Carnival&#8221; (To The Beat of Carnival) with which they managed to add to their titles their 9th First Prize for Performance, a prize they had already taken home in 2003, 2005, 2006, 2008, 2010, 2011, 2012, and 2014; along with the 6th consecutive first prize for costume, thanks to the design \u201cAmanecer en Arabia\u201d (Dawn in Arabia).[\/vc_column_text][\/vc_column_inner][\/vc_row_inner][vc_row_inner limit_content=&#8221;&#8221;][vc_column_inner width=&#8221;1\/2&#8243;][vc_single_image media=&#8221;16858&#8243; media_lightbox=&#8221;yes&#8221; media_width_percent=&#8221;100&#8243; media_ratio=&#8221;one-one&#8221; uncode_shortcode_id=&#8221;201420&#8243;][\/vc_column_inner][vc_column_inner column_width_percent=&#8221;100&#8243; gutter_size=&#8221;0&#8243; overlay_alpha=&#8221;50&#8243; shift_x=&#8221;0&#8243; shift_y=&#8221;0&#8243; shift_y_down=&#8221;0&#8243; z_index=&#8221;0&#8243; medium_width=&#8221;0&#8243; mobile_width=&#8221;0&#8243; width=&#8221;1\/2&#8243; uncode_shortcode_id=&#8221;196584&#8243;][vc_column_text text_lead=&#8221;yes&#8221; text_color=&#8221;color-jevc&#8221; uncode_shortcode_id=&#8221;199227&#8243; text_color_type=&#8221;uncode-palette&#8221;]Junior Comparsa[\/vc_column_text][vc_custom_heading text_weight=&#8221;700&#8243; uncode_shortcode_id=&#8221;176860&#8243;]Kisamba[\/vc_custom_heading][vc_empty_space empty_h=&#8221;1&#8243;][vc_column_text text_color=&#8221;color-jevc&#8221; uncode_shortcode_id=&#8221;210886&#8243; text_color_type=&#8221;uncode-palette&#8221;]<\/p>\n<div class=\"row ediciones\">\n<div class=\"contenidogeneral span6\">\n<div class=\"masinfo\"> Kisamba won the First Prize for Performance and Costume in the Junior Comparsas Contest.<\/div>\n<\/div>\n<\/div>\n<div class=\"row ediciones\">\n<div class=\"divblogcontenidoprotas span6\">\n<div class=\"divimagenblogcontenidoediciones\"><\/div>\n<\/div>\n<\/div>\n<p>[\/vc_column_text][\/vc_column_inner][\/vc_row_inner][vc_row_inner limit_content=&#8221;&#8221;][vc_column_inner width=&#8221;1\/2&#8243;][vc_single_image media=&#8221;16883&#8243; media_lightbox=&#8221;yes&#8221; media_width_percent=&#8221;100&#8243; media_ratio=&#8221;one-one&#8221; uncode_shortcode_id=&#8221;296584&#8243;][\/vc_column_inner][vc_column_inner column_width_percent=&#8221;100&#8243; gutter_size=&#8221;0&#8243; overlay_alpha=&#8221;50&#8243; shift_x=&#8221;0&#8243; shift_y=&#8221;0&#8243; shift_y_down=&#8221;0&#8243; z_index=&#8221;0&#8243; medium_width=&#8221;0&#8243; mobile_width=&#8221;0&#8243; width=&#8221;1\/2&#8243; uncode_shortcode_id=&#8221;196584&#8243;][vc_column_text text_lead=&#8221;yes&#8221; text_color=&#8221;color-jevc&#8221; uncode_shortcode_id=&#8221;539031&#8243; text_color_type=&#8221;uncode-palette&#8221;]Body Painting Competition[\/vc_column_text][vc_custom_heading text_weight=&#8221;700&#8243; uncode_shortcode_id=&#8221;800642&#8243;]V\u00edctor Cabrera P\u00e9rez[\/vc_custom_heading][vc_empty_space empty_h=&#8221;1&#8243;][vc_column_text text_color=&#8221;color-jevc&#8221; uncode_shortcode_id=&#8221;116462&#8243; text_color_type=&#8221;uncode-palette&#8221;]<em><strong>V\u00edctor Cabrera P\u00e9rez<\/strong><\/em>, the make-up artist, won the first prize in the 2015 Las Palmas de Gran Canaria Carnival Body Painting Contest with the creation <em><strong>\u201cLa mala educaci\u00f3n\u201d<\/strong><\/em> (Bad Manners) represented by the model Idaira Bujeda Molina.[\/vc_column_text][\/vc_column_inner][\/vc_row_inner][vc_row_inner limit_content=&#8221;&#8221;][vc_column_inner width=&#8221;1\/2&#8243;][vc_single_image media=&#8221;16868&#8243; media_lightbox=&#8221;yes&#8221; media_width_percent=&#8221;100&#8243; media_ratio=&#8221;one-one&#8221; uncode_shortcode_id=&#8221;154127&#8243;][\/vc_column_inner][vc_column_inner column_width_percent=&#8221;100&#8243; gutter_size=&#8221;0&#8243; overlay_alpha=&#8221;50&#8243; shift_x=&#8221;0&#8243; shift_y=&#8221;0&#8243; shift_y_down=&#8221;0&#8243; z_index=&#8221;0&#8243; medium_width=&#8221;0&#8243; mobile_width=&#8221;0&#8243; width=&#8221;1\/2&#8243; uncode_shortcode_id=&#8221;196584&#8243;][vc_column_text text_lead=&#8221;yes&#8221; text_color=&#8221;color-jevc&#8221; uncode_shortcode_id=&#8221;183840&#8243; text_color_type=&#8221;uncode-palette&#8221;]Costume Contest[\/vc_column_text][vc_custom_heading text_weight=&#8221;700&#8243; uncode_shortcode_id=&#8221;182611&#8243;]Enrique Mart\u00edn \u00c1lamo Herrera and Las Mamachicho[\/vc_custom_heading][vc_empty_space empty_h=&#8221;1&#8243;][vc_column_text text_color=&#8221;color-jevc&#8221; uncode_shortcode_id=&#8221;181284&#8243; text_color_type=&#8221;uncode-palette&#8221;]Enrique Mart\u00edn \u00c1lamo Herrera and Las Mamachicho won first prize in the individual and group categories, respectively. The first went out to model with the design <em><strong>\u201cPaseos carnavaleros en las noches de Gran Canaria\u201d<\/strong><\/em> (Carnival Strolls on Gran Canaria Nights) produced by Luisa Rubido in representation of Nuevo R\u00edo. The 50 components of the group Las Mamachicho competed, for their part, with <em><strong>\u201cFrota, frota, que una mamachicho te toca\u201d<\/strong><\/em> (Rub, Rub, You&#8217;ve Won a Mamachicho), the work of Elena Ucha and Las Mamachicho.[\/vc_column_text][\/vc_column_inner][\/vc_row_inner][vc_row_inner limit_content=&#8221;&#8221;][vc_column_inner width=&#8221;1\/2&#8243;][vc_single_image media=&#8221;16843&#8243; media_lightbox=&#8221;yes&#8221; media_width_percent=&#8221;100&#8243; media_ratio=&#8221;one-one&#8221; uncode_shortcode_id=&#8221;981186&#8243;][\/vc_column_inner][vc_column_inner column_width_percent=&#8221;100&#8243; gutter_size=&#8221;0&#8243; overlay_alpha=&#8221;50&#8243; shift_x=&#8221;0&#8243; shift_y=&#8221;0&#8243; shift_y_down=&#8221;0&#8243; z_index=&#8221;0&#8243; medium_width=&#8221;0&#8243; mobile_width=&#8221;0&#8243; width=&#8221;1\/2&#8243; uncode_shortcode_id=&#8221;196584&#8243;][vc_column_text text_lead=&#8221;yes&#8221; text_color=&#8221;color-jevc&#8221; uncode_shortcode_id=&#8221;152785&#8243; text_color_type=&#8221;uncode-palette&#8221;]Dog Carnival[\/vc_column_text][vc_custom_heading text_weight=&#8221;700&#8243; uncode_shortcode_id=&#8221;847113&#8243;]Om, The Divine Brahman[\/vc_custom_heading][vc_empty_space empty_h=&#8221;1&#8243;][vc_column_text text_color=&#8221;color-jevc&#8221; uncode_shortcode_id=&#8221;131505&#8243; text_color_type=&#8221;uncode-palette&#8221;]Ash\u00e9, a podenco which also won the first prize in 2014, won the top prize again for the 1001 Nights Dogs&#8217; Carnival. Its costume \u201cOm, el divino Brahman\u201d (Om, The Divine Brahman), won the jury&#8217;s favour. Affinity Advance, the event&#8217;s sponsor, gave 14 kilos of dog food to the winner, 7.5 kilos to the second prize, 3 kilos to the third prize, and a free sample to each dog that took part. 12 participants and 15 pets were the first to tread the stage of the 1001 Nights Carnival with a unique parade which rewarded the ingenuity, the creativity and the affection of the contenders.[\/vc_column_text][\/vc_column_inner][\/vc_row_inner][\/vc_column][\/vc_row]<\/p>\n<\/div>","protected":false},"excerpt":{"rendered":"<p>1001 Nights Carnival<\/p>\n","protected":false},"author":1,"featured_media":16849,"parent":19752,"menu_order":0,"comment_status":"closed","ping_status":"closed","template":"","meta":{"_acf_changed":false,"footnotes":""},"class_list":["post-19667","page","type-page","status-publish","has-post-thumbnail","hentry"],"acf":[],"_links":{"self":[{"href":"https:\/\/lpacarnaval.com\/en\/wp-json\/wp\/v2\/pages\/19667","targetHints":{"allow":["GET"]}}],"collection":[{"href":"https:\/\/lpacarnaval.com\/en\/wp-json\/wp\/v2\/pages"}],"about":[{"href":"https:\/\/lpacarnaval.com\/en\/wp-json\/wp\/v2\/types\/page"}],"author":[{"embeddable":true,"href":"https:\/\/lpacarnaval.com\/en\/wp-json\/wp\/v2\/users\/1"}],"replies":[{"embeddable":true,"href":"https:\/\/lpacarnaval.com\/en\/wp-json\/wp\/v2\/comments?post=19667"}],"version-history":[{"count":9,"href":"https:\/\/lpacarnaval.com\/en\/wp-json\/wp\/v2\/pages\/19667\/revisions"}],"predecessor-version":[{"id":21375,"href":"https:\/\/lpacarnaval.com\/en\/wp-json\/wp\/v2\/pages\/19667\/revisions\/21375"}],"up":[{"embeddable":true,"href":"https:\/\/lpacarnaval.com\/en\/wp-json\/wp\/v2\/pages\/19752"}],"wp:featuredmedia":[{"embeddable":true,"href":"https:\/\/lpacarnaval.com\/en\/wp-json\/wp\/v2\/media\/16849"}],"wp:attachment":[{"href":"https:\/\/lpacarnaval.com\/en\/wp-json\/wp\/v2\/media?parent=19667"}],"curies":[{"name":"wp","href":"https:\/\/api.w.org\/{rel}","templated":true}]}}